{"id":38,"date":"2018-03-15T22:43:21","date_gmt":"2018-03-15T21:43:21","guid":{"rendered":"http:\/\/tgs-somborn.de\/start\/?page_id=38"},"modified":"2026-01-17T17:59:06","modified_gmt":"2026-01-17T16:59:06","slug":"kurse","status":"publish","type":"page","link":"https:\/\/www.tgs-somborn.de\/start\/kurse\/","title":{"rendered":"Kurse"},"content":{"rendered":"<h2>Unser Kursprogramm<\/h2>\n<hr \/>\n<p>Ob Klassiker oder neueste Trends in Sachen Fitness &#8211; bei uns ist f\u00fcr jede*n der richtige Kurs dabei!<br \/>\nDie Kurse sind zeitlich begrenzt und k\u00f6nnen auch von\u00a0<i>Nichtmitglieder<\/i> wahrgenommen werden. Einige der Kurse werden von vielen Krankenkassen anerkannt und entsprechend bezuschusst. Fragen Sie ganz einfach mal bei Ihrer Krankenkasse nach.<\/p>\n<hr \/>\n<p>Zur Zeit finden keine Kurse statt.<\/p>\n","protected":false},"excerpt":{"rendered":"<p>Unser Kursprogramm Ob Klassiker oder neueste Trends in Sachen Fitness &#8211; bei uns ist f\u00fcr jede*n der richtige Kurs dabei! Die Kurse sind zeitlich begrenzt und k\u00f6nnen auch von\u00a0Nichtmitglieder wahrgenommen werden. Einige der Kurse werden von vielen Krankenkassen anerkannt und entsprechend bezuschusst. Fragen Sie ganz einfach mal bei Ihrer Krankenkasse nach. Zur Zeit finden keine &#8230; <a title=\"Kurse\" class=\"read-more\" href=\"https:\/\/www.tgs-somborn.de\/start\/kurse\/\" aria-label=\"Mehr Informationen \u00fcber Kurse\">Weiterlesen<\/a><\/p>\n","protected":false},"author":1,"featured_media":0,"parent":0,"menu_order":0,"comment_status":"closed","ping_status":"closed","template":"","meta":{"footnotes":""},"class_list":["post-38","page","type-page","status-publish"],"yoast_head":"<!-- This site is optimized with the Yoast SEO plugin v27.6 - https:\/\/yoast.com\/product\/yoast-seo-wordpress\/ -->\n<title>Kurse | Turngesellschaft 1888 e.V. Somborn<\/title>\n<meta name=\"robots\" content=\"index, follow, max-snippet:-1, max-image-preview:large, max-video-preview:-1\" \/>\n<link rel=\"canonical\" href=\"https:\/\/www.tgs-somborn.de\/start\/kurse\/\" \/>\n<meta property=\"og:locale\" content=\"de_DE\" \/>\n<meta property=\"og:type\" content=\"article\" \/>\n<meta property=\"og:title\" content=\"Kurse | Turngesellschaft 1888 e.V. Somborn\" \/>\n<meta property=\"og:description\" content=\"Unser Kursprogramm Ob Klassiker oder neueste Trends in Sachen Fitness &#8211; bei uns ist f\u00fcr jede*n der richtige Kurs dabei! Die Kurse sind zeitlich begrenzt und k\u00f6nnen auch von\u00a0Nichtmitglieder wahrgenommen werden. Einige der Kurse werden von vielen Krankenkassen anerkannt und entsprechend bezuschusst. Fragen Sie ganz einfach mal bei Ihrer Krankenkasse nach. Zur Zeit finden keine ... Weiterlesen\" \/>\n<meta property=\"og:url\" content=\"https:\/\/www.tgs-somborn.de\/start\/kurse\/\" \/>\n<meta property=\"og:site_name\" content=\"Turngesellschaft 1888 e.V. Somborn\" \/>\n<meta property=\"article:publisher\" content=\"http:\/\/www.facebook.com\/TurngesellschaftSomborn\" \/>\n<meta property=\"article:modified_time\" content=\"2026-01-17T16:59:06+00:00\" \/>\n<meta name=\"twitter:card\" content=\"summary_large_image\" \/>\n<meta name=\"twitter:label1\" content=\"Gesch\u00e4tzte Lesezeit\" \/>\n\t<meta name=\"twitter:data1\" content=\"1\u00a0Minute\" \/>\n<script type=\"application\/ld+json\" class=\"yoast-schema-graph\">{\"@context\":\"https:\\\/\\\/schema.org\",\"@graph\":[{\"@type\":\"WebPage\",\"@id\":\"https:\\\/\\\/www.tgs-somborn.de\\\/start\\\/kurse\\\/\",\"url\":\"https:\\\/\\\/www.tgs-somborn.de\\\/start\\\/kurse\\\/\",\"name\":\"Kurse | Turngesellschaft 1888 e.V. Somborn\",\"isPartOf\":{\"@id\":\"https:\\\/\\\/www.tgs-somborn.de\\\/start\\\/#website\"},\"datePublished\":\"2018-03-15T21:43:21+00:00\",\"dateModified\":\"2026-01-17T16:59:06+00:00\",\"breadcrumb\":{\"@id\":\"https:\\\/\\\/www.tgs-somborn.de\\\/start\\\/kurse\\\/#breadcrumb\"},\"inLanguage\":\"de\",\"potentialAction\":[{\"@type\":\"ReadAction\",\"target\":[\"https:\\\/\\\/www.tgs-somborn.de\\\/start\\\/kurse\\\/\"]}]},{\"@type\":\"BreadcrumbList\",\"@id\":\"https:\\\/\\\/www.tgs-somborn.de\\\/start\\\/kurse\\\/#breadcrumb\",\"itemListElement\":[{\"@type\":\"ListItem\",\"position\":1,\"name\":\"Startseite\",\"item\":\"https:\\\/\\\/www.tgs-somborn.de\\\/start\\\/\"},{\"@type\":\"ListItem\",\"position\":2,\"name\":\"Kurse\"}]},{\"@type\":\"WebSite\",\"@id\":\"https:\\\/\\\/www.tgs-somborn.de\\\/start\\\/#website\",\"url\":\"https:\\\/\\\/www.tgs-somborn.de\\\/start\\\/\",\"name\":\"Turngesellschaft 1888 e.V. Somborn\",\"description\":\"Der Verein f\u00fcr die ganze Familie\",\"publisher\":{\"@id\":\"https:\\\/\\\/www.tgs-somborn.de\\\/start\\\/#organization\"},\"potentialAction\":[{\"@type\":\"SearchAction\",\"target\":{\"@type\":\"EntryPoint\",\"urlTemplate\":\"https:\\\/\\\/www.tgs-somborn.de\\\/start\\\/?s={search_term_string}\"},\"query-input\":{\"@type\":\"PropertyValueSpecification\",\"valueRequired\":true,\"valueName\":\"search_term_string\"}}],\"inLanguage\":\"de\"},{\"@type\":\"Organization\",\"@id\":\"https:\\\/\\\/www.tgs-somborn.de\\\/start\\\/#organization\",\"name\":\"Turngesellschaft 1888 e. V. Somborn\",\"url\":\"https:\\\/\\\/www.tgs-somborn.de\\\/start\\\/\",\"logo\":{\"@type\":\"ImageObject\",\"inLanguage\":\"de\",\"@id\":\"https:\\\/\\\/www.tgs-somborn.de\\\/start\\\/#\\\/schema\\\/logo\\\/image\\\/\",\"url\":\"https:\\\/\\\/i0.wp.com\\\/www.tgs-somborn.de\\\/start\\\/wp-content\\\/uploads\\\/2018\\\/01\\\/cropped-tgs_wappen-1.gif?fit=198%2C243&ssl=1\",\"contentUrl\":\"https:\\\/\\\/i0.wp.com\\\/www.tgs-somborn.de\\\/start\\\/wp-content\\\/uploads\\\/2018\\\/01\\\/cropped-tgs_wappen-1.gif?fit=198%2C243&ssl=1\",\"width\":198,\"height\":243,\"caption\":\"Turngesellschaft 1888 e. V. Somborn\"},\"image\":{\"@id\":\"https:\\\/\\\/www.tgs-somborn.de\\\/start\\\/#\\\/schema\\\/logo\\\/image\\\/\"},\"sameAs\":[\"http:\\\/\\\/www.facebook.com\\\/TurngesellschaftSomborn\"]}]}<\/script>\n<!-- \/ Yoast SEO plugin. -->","yoast_head_json":{"title":"Kurse | Turngesellschaft 1888 e.V. Somborn","robots":{"index":"index","follow":"follow","max-snippet":"max-snippet:-1","max-image-preview":"max-image-preview:large","max-video-preview":"max-video-preview:-1"},"canonical":"https:\/\/www.tgs-somborn.de\/start\/kurse\/","og_locale":"de_DE","og_type":"article","og_title":"Kurse | Turngesellschaft 1888 e.V. Somborn","og_description":"Unser Kursprogramm Ob Klassiker oder neueste Trends in Sachen Fitness &#8211; bei uns ist f\u00fcr jede*n der richtige Kurs dabei! Die Kurse sind zeitlich begrenzt und k\u00f6nnen auch von\u00a0Nichtmitglieder wahrgenommen werden. Einige der Kurse werden von vielen Krankenkassen anerkannt und entsprechend bezuschusst. Fragen Sie ganz einfach mal bei Ihrer Krankenkasse nach. Zur Zeit finden keine ... Weiterlesen","og_url":"https:\/\/www.tgs-somborn.de\/start\/kurse\/","og_site_name":"Turngesellschaft 1888 e.V. Somborn","article_publisher":"http:\/\/www.facebook.com\/TurngesellschaftSomborn","article_modified_time":"2026-01-17T16:59:06+00:00","twitter_card":"summary_large_image","twitter_misc":{"Gesch\u00e4tzte Lesezeit":"1\u00a0Minute"},"schema":{"@context":"https:\/\/schema.org","@graph":[{"@type":"WebPage","@id":"https:\/\/www.tgs-somborn.de\/start\/kurse\/","url":"https:\/\/www.tgs-somborn.de\/start\/kurse\/","name":"Kurse | Turngesellschaft 1888 e.V. Somborn","isPartOf":{"@id":"https:\/\/www.tgs-somborn.de\/start\/#website"},"datePublished":"2018-03-15T21:43:21+00:00","dateModified":"2026-01-17T16:59:06+00:00","breadcrumb":{"@id":"https:\/\/www.tgs-somborn.de\/start\/kurse\/#breadcrumb"},"inLanguage":"de","potentialAction":[{"@type":"ReadAction","target":["https:\/\/www.tgs-somborn.de\/start\/kurse\/"]}]},{"@type":"BreadcrumbList","@id":"https:\/\/www.tgs-somborn.de\/start\/kurse\/#breadcrumb","itemListElement":[{"@type":"ListItem","position":1,"name":"Startseite","item":"https:\/\/www.tgs-somborn.de\/start\/"},{"@type":"ListItem","position":2,"name":"Kurse"}]},{"@type":"WebSite","@id":"https:\/\/www.tgs-somborn.de\/start\/#website","url":"https:\/\/www.tgs-somborn.de\/start\/","name":"Turngesellschaft 1888 e.V. Somborn","description":"Der Verein f\u00fcr die ganze Familie","publisher":{"@id":"https:\/\/www.tgs-somborn.de\/start\/#organization"},"potentialAction":[{"@type":"SearchAction","target":{"@type":"EntryPoint","urlTemplate":"https:\/\/www.tgs-somborn.de\/start\/?s={search_term_string}"},"query-input":{"@type":"PropertyValueSpecification","valueRequired":true,"valueName":"search_term_string"}}],"inLanguage":"de"},{"@type":"Organization","@id":"https:\/\/www.tgs-somborn.de\/start\/#organization","name":"Turngesellschaft 1888 e. V. Somborn","url":"https:\/\/www.tgs-somborn.de\/start\/","logo":{"@type":"ImageObject","inLanguage":"de","@id":"https:\/\/www.tgs-somborn.de\/start\/#\/schema\/logo\/image\/","url":"https:\/\/i0.wp.com\/www.tgs-somborn.de\/start\/wp-content\/uploads\/2018\/01\/cropped-tgs_wappen-1.gif?fit=198%2C243&ssl=1","contentUrl":"https:\/\/i0.wp.com\/www.tgs-somborn.de\/start\/wp-content\/uploads\/2018\/01\/cropped-tgs_wappen-1.gif?fit=198%2C243&ssl=1","width":198,"height":243,"caption":"Turngesellschaft 1888 e. V. Somborn"},"image":{"@id":"https:\/\/www.tgs-somborn.de\/start\/#\/schema\/logo\/image\/"},"sameAs":["http:\/\/www.facebook.com\/TurngesellschaftSomborn"]}]}},"jetpack_shortlink":"https:\/\/wp.me\/P9Nob7-C","jetpack-related-posts":[{"id":23,"url":"https:\/\/www.tgs-somborn.de\/start\/was-wann-wo\/","url_meta":{"origin":38,"position":0},"title":"Was Wann Wo","author":"J\u00f6rg Zipf","date":"15. M\u00e4rz 2018","format":false,"excerpt":"Hallenbelegungsplan, Termine, Kurse und mehr Hier und auf den Unterseiten finden Sie unser aktuelles Angebot f\u00fcr Gro\u00df und Klein, Jung und Alt. Hallenbelegungsplan Dem Hallenbelegungsplan k\u00f6nnen Sie entnehmen, was wir an den verschiedenen Wochentagen anbieten. Hier gehts zu den Angeboten. \u00a0","rel":"","context":"\u00c4hnlicher Beitrag","block_context":{"text":"\u00c4hnlicher Beitrag","link":""},"img":{"alt_text":"","src":"","width":0,"height":0},"classes":[]},{"id":152,"url":"https:\/\/www.tgs-somborn.de\/start\/datenschutz\/","url_meta":{"origin":38,"position":1},"title":"Datenschutz","author":"J\u00f6rg Zipf","date":"3. August 2018","format":false,"excerpt":"Datenschutzerkl\u00e4rung Einleitung Mit der folgenden Datenschutzerkl\u00e4rung m\u00f6chten wir Sie dar\u00fcber aufkl\u00e4ren, welche Arten Ihrer personenbezogenen Daten (nachfolgend auch kurz als \"Daten\u201c bezeichnet) wir zu welchen Zwecken und in welchem Umfang verarbeiten. Die Datenschutzerkl\u00e4rung gilt f\u00fcr alle von uns durchgef\u00fchrten Verarbeitungen personenbezogener Daten, sowohl im Rahmen der Erbringung unserer Leistungen als\u2026","rel":"","context":"\u00c4hnlicher Beitrag","block_context":{"text":"\u00c4hnlicher Beitrag","link":""},"img":{"alt_text":"","src":"","width":0,"height":0},"classes":[]},{"id":113,"url":"https:\/\/www.tgs-somborn.de\/start\/formulare\/","url_meta":{"origin":38,"position":2},"title":"Formulare","author":"J\u00f6rg Zipf","date":"22. April 2018","format":false,"excerpt":"Anmeldung, Ummeldung... Eintrittserkl\u00e4rung Sie wollen in unserem Verein Mitglied werden? Kein Problem. Laden Sie ganz einfach das Anmeldeformular herunter, f\u00fcllen es aus und schicken es uns per Post zu oder geben es bei einem \u00dcbungsleiter oder Vorstandsmitglied ab. PDF herunterladen \u00c4nderungsformular Sie sind umgezogen, haben geheiratet oder Ihre Bankverbindung hat\u2026","rel":"","context":"\u00c4hnlicher Beitrag","block_context":{"text":"\u00c4hnlicher Beitrag","link":""},"img":{"alt_text":"","src":"","width":0,"height":0},"classes":[]},{"id":6,"url":"https:\/\/www.tgs-somborn.de\/start\/","url_meta":{"origin":38,"position":3},"title":"Herzlich Willkommen&#8230;","author":"J\u00f6rg Zipf","date":"29. Januar 2018","format":false,"excerpt":"...auf der Internetseite der TGS 1888 e. V. Somborn, des gr\u00f6\u00dften und eines der traditionsreichsten Vereine in Freigericht. Unser sportliches Angebot richtet sich an die ganze Familie. Egal ob Eltern-Kind-Turnen, Fitness f\u00fcr jedermann, Gymnastik f\u00fcr hochaltrige Menschen mit und ohne Bewegungseinschr\u00e4nkungen oder Reha-Sport. Wir bieten hier ein modernes und stets\u2026","rel":"","context":"\u00c4hnlicher Beitrag","block_context":{"text":"\u00c4hnlicher Beitrag","link":""},"img":{"alt_text":"","src":"","width":0,"height":0},"classes":[]},{"id":102,"url":"https:\/\/www.tgs-somborn.de\/start\/mitgliederservice\/","url_meta":{"origin":38,"position":4},"title":"Mitgliederservice","author":"J\u00f6rg Zipf","date":"22. April 2018","format":false,"excerpt":"Wichtige Infos f\u00fcr Mitglieder oder die, die es noch werden wollen Auf den folgenden Unterseiten finden Sie wichtige Informationen zu unseren Beitragss\u00e4tzen, wichtige Formulare und unsere Satzung. Achtung!!! Aus rechtlichen Gr\u00fcnden nehmen wir keine K\u00fcndigung der Mitgliedschaft per E-Mail an. Bitte schicken sie diese immer schriftlich an unsere Gesch\u00e4ftsstelle (Josefstra\u00dfe\u2026","rel":"","context":"\u00c4hnlicher Beitrag","block_context":{"text":"\u00c4hnlicher Beitrag","link":""},"img":{"alt_text":"","src":"","width":0,"height":0},"classes":[]},{"id":324,"url":"https:\/\/www.tgs-somborn.de\/start\/angebote\/","url_meta":{"origin":38,"position":5},"title":"Angebote","author":"J\u00f6rg Zipf","date":"1. Februar 2019","format":false,"excerpt":"Unser Angebot f\u00fcr Sie Ob Kinderturnen, Eltern-Kind-Turnen, Wirbels\u00e4ulengymnastik, Tanzen, M\u00e4nnergymnastik oder sogar Reha-Sport, wir bieten f\u00fcr die ganze Familie das passende an. Bei unseren ausgezeichneten Angeboten finden Sie au\u00dferdem von den Sportverb\u00e4nden zertifizierte Angebote. Alle unsere Angebote finden Sie in unserem Hallenbelegungsplan.","rel":"","context":"\u00c4hnlicher Beitrag","block_context":{"text":"\u00c4hnlicher Beitrag","link":""},"img":{"alt_text":"","src":"","width":0,"height":0},"classes":[]}],"jetpack_sharing_enabled":true,"_links":{"self":[{"href":"https:\/\/www.tgs-somborn.de\/start\/wp-json\/wp\/v2\/pages\/38","targetHints":{"allow":["GET"]}}],"collection":[{"href":"https:\/\/www.tgs-somborn.de\/start\/wp-json\/wp\/v2\/pages"}],"about":[{"href":"https:\/\/www.tgs-somborn.de\/start\/wp-json\/wp\/v2\/types\/page"}],"author":[{"embeddable":true,"href":"https:\/\/www.tgs-somborn.de\/start\/wp-json\/wp\/v2\/users\/1"}],"replies":[{"embeddable":true,"href":"https:\/\/www.tgs-somborn.de\/start\/wp-json\/wp\/v2\/comments?post=38"}],"version-history":[{"count":10,"href":"https:\/\/www.tgs-somborn.de\/start\/wp-json\/wp\/v2\/pages\/38\/revisions"}],"predecessor-version":[{"id":1250,"href":"https:\/\/www.tgs-somborn.de\/start\/wp-json\/wp\/v2\/pages\/38\/revisions\/1250"}],"wp:attachment":[{"href":"https:\/\/www.tgs-somborn.de\/start\/wp-json\/wp\/v2\/media?parent=38"}],"curies":[{"name":"wp","href":"https:\/\/api.w.org\/{rel}","templated":true}]}}