{"id":35,"date":"2018-03-15T22:39:36","date_gmt":"2018-03-15T21:39:36","guid":{"rendered":"http:\/\/tgs-somborn.de\/start\/?page_id=35"},"modified":"2026-01-17T17:57:46","modified_gmt":"2026-01-17T16:57:46","slug":"kindermaskenball","status":"publish","type":"page","link":"https:\/\/www.tgs-somborn.de\/start\/kindermaskenball\/","title":{"rendered":"Kindermaskenball"},"content":{"rendered":"<p>Endlich ist es wieder soweit! Die TGS feiert Kinderfasching mit Gro\u00df und Klein in der geschm\u00fcckten Turnhalle.<\/p>\n<p>Wir freuen uns auf alle Piraten, Hexen, Clowns und was euch sonst noch an Kost\u00fcmen einf\u00e4llt \u2013 egal ob Mitglied im Verein oder nicht.<\/p>\n<p>Wann:\u00a0 \u00a0 \u00a0 Sonntag, den 15.02.2026<br \/>\nWo:\u00a0 \u00a0 \u00a0 \u00a0 \u00a0 Turnhalle der TGS (Josefstra\u00dfe 15 in Somborn)<br \/>\nEintritt:\u00a0 \u00a0 \u00a02,- Euro<br \/>\nBeginn:\u00a0 \u00a0 14:30 Uhr<\/p>\n<p><img data-recalc-dims=\"1\" loading=\"lazy\" decoding=\"async\" data-attachment-id=\"767\" data-permalink=\"https:\/\/www.tgs-somborn.de\/start\/kinderfasching_2023\/screenshot_20230126_170049_onedrive\/#main\" data-orig-file=\"https:\/\/i0.wp.com\/www.tgs-somborn.de\/start\/wp-content\/uploads\/2019\/02\/Screenshot_20230126_170049_OneDrive.jpg?fit=1080%2C1523&amp;ssl=1\" data-orig-size=\"1080,1523\" data-comments-opened=\"0\" data-image-meta=\"{&quot;aperture&quot;:&quot;0&quot;,&quot;credit&quot;:&quot;&quot;,&quot;camera&quot;:&quot;&quot;,&quot;caption&quot;:&quot;&quot;,&quot;created_timestamp&quot;:&quot;0&quot;,&quot;copyright&quot;:&quot;&quot;,&quot;focal_length&quot;:&quot;0&quot;,&quot;iso&quot;:&quot;0&quot;,&quot;shutter_speed&quot;:&quot;0&quot;,&quot;title&quot;:&quot;&quot;,&quot;orientation&quot;:&quot;1&quot;}\" data-image-title=\"Screenshot_20230126_170049_OneDrive\" data-image-description=\"\" data-image-caption=\"\" data-large-file=\"https:\/\/i0.wp.com\/www.tgs-somborn.de\/start\/wp-content\/uploads\/2019\/02\/Screenshot_20230126_170049_OneDrive.jpg?fit=726%2C1024&amp;ssl=1\" class=\"aligncenter wp-image-767 size-large\" src=\"https:\/\/i0.wp.com\/www.tgs-somborn.de\/start\/wp-content\/uploads\/2019\/02\/Screenshot_20230126_170049_OneDrive.jpg?resize=696%2C982&#038;ssl=1\" alt=\"Kinderfasching Faschingssonntag 14:30 Uhr\" width=\"696\" height=\"982\" srcset=\"https:\/\/i0.wp.com\/www.tgs-somborn.de\/start\/wp-content\/uploads\/2019\/02\/Screenshot_20230126_170049_OneDrive.jpg?resize=726%2C1024&amp;ssl=1 726w, https:\/\/i0.wp.com\/www.tgs-somborn.de\/start\/wp-content\/uploads\/2019\/02\/Screenshot_20230126_170049_OneDrive.jpg?resize=213%2C300&amp;ssl=1 213w, https:\/\/i0.wp.com\/www.tgs-somborn.de\/start\/wp-content\/uploads\/2019\/02\/Screenshot_20230126_170049_OneDrive.jpg?resize=768%2C1083&amp;ssl=1 768w, https:\/\/i0.wp.com\/www.tgs-somborn.de\/start\/wp-content\/uploads\/2019\/02\/Screenshot_20230126_170049_OneDrive.jpg?w=1080&amp;ssl=1 1080w\" sizes=\"auto, (max-width: 696px) 100vw, 696px\" \/><\/p>\n","protected":false},"excerpt":{"rendered":"<p>Endlich ist es wieder soweit! Die TGS feiert Kinderfasching mit Gro\u00df und Klein in der geschm\u00fcckten Turnhalle. Wir freuen uns auf alle Piraten, Hexen, Clowns und was euch sonst noch an Kost\u00fcmen einf\u00e4llt \u2013 egal ob Mitglied im Verein oder nicht. Wann:\u00a0 \u00a0 \u00a0 Sonntag, den 15.02.2026 Wo:\u00a0 \u00a0 \u00a0 \u00a0 \u00a0 Turnhalle der TGS &#8230; <a title=\"Kindermaskenball\" class=\"read-more\" href=\"https:\/\/www.tgs-somborn.de\/start\/kindermaskenball\/\" aria-label=\"Mehr Informationen \u00fcber Kindermaskenball\">Weiterlesen<\/a><\/p>\n","protected":false},"author":1,"featured_media":771,"parent":0,"menu_order":0,"comment_status":"closed","ping_status":"closed","template":"","meta":{"footnotes":""},"class_list":["post-35","page","type-page","status-publish","has-post-thumbnail"],"yoast_head":"<!-- This site is optimized with the Yoast SEO plugin v27.4 - https:\/\/yoast.com\/product\/yoast-seo-wordpress\/ -->\n<title>Kindermaskenball | Turngesellschaft 1888 e.V. Somborn<\/title>\n<meta name=\"description\" content=\"Endlich ist es wieder soweit! Die TGS feiert Kinderfasching mit Gro\u00df und Klein in der geschm\u00fcckten Turnhalle.Wir freuen uns auf alle Piraten, Hexen, Clowns und was euch sonst noch an Kost\u00fcmen einf\u00e4llt \u2013 egal ob Mitglied im Verein oder nicht.Wann:\u00a0 \u00a0 \u00a0 Sonntag, den 19.02.2023\" \/>\n<meta name=\"robots\" content=\"index, follow, max-snippet:-1, max-image-preview:large, max-video-preview:-1\" \/>\n<link rel=\"canonical\" href=\"https:\/\/www.tgs-somborn.de\/start\/kindermaskenball\/\" \/>\n<meta property=\"og:locale\" content=\"de_DE\" \/>\n<meta property=\"og:type\" content=\"article\" \/>\n<meta property=\"og:title\" content=\"Kindermaskenball | Turngesellschaft 1888 e.V. Somborn\" \/>\n<meta property=\"og:description\" content=\"Endlich ist es wieder soweit! Die TGS feiert Kinderfasching mit Gro\u00df und Klein in der geschm\u00fcckten Turnhalle.Wir freuen uns auf alle Piraten, Hexen, Clowns und was euch sonst noch an Kost\u00fcmen einf\u00e4llt \u2013 egal ob Mitglied im Verein oder nicht.Wann:\u00a0 \u00a0 \u00a0 Sonntag, den 19.02.2023\" \/>\n<meta property=\"og:url\" content=\"https:\/\/www.tgs-somborn.de\/start\/kindermaskenball\/\" \/>\n<meta property=\"og:site_name\" content=\"Turngesellschaft 1888 e.V. Somborn\" \/>\n<meta property=\"article:publisher\" content=\"http:\/\/www.facebook.com\/TurngesellschaftSomborn\" \/>\n<meta property=\"article:modified_time\" content=\"2026-01-17T16:57:46+00:00\" \/>\n<meta property=\"og:image\" content=\"https:\/\/www.tgs-somborn.de\/start\/wp-content\/uploads\/2019\/02\/Kinderfasching_Banner_HP.png\" \/>\n\t<meta property=\"og:image:width\" content=\"1800\" \/>\n\t<meta property=\"og:image:height\" content=\"656\" \/>\n\t<meta property=\"og:image:type\" content=\"image\/png\" \/>\n<meta name=\"twitter:card\" content=\"summary_large_image\" \/>\n<meta name=\"twitter:label1\" content=\"Gesch\u00e4tzte Lesezeit\" \/>\n\t<meta name=\"twitter:data1\" content=\"1\u00a0Minute\" \/>\n<script type=\"application\/ld+json\" class=\"yoast-schema-graph\">{\"@context\":\"https:\\\/\\\/schema.org\",\"@graph\":[{\"@type\":\"WebPage\",\"@id\":\"https:\\\/\\\/www.tgs-somborn.de\\\/start\\\/kindermaskenball\\\/\",\"url\":\"https:\\\/\\\/www.tgs-somborn.de\\\/start\\\/kindermaskenball\\\/\",\"name\":\"Kindermaskenball | Turngesellschaft 1888 e.V. Somborn\",\"isPartOf\":{\"@id\":\"https:\\\/\\\/www.tgs-somborn.de\\\/start\\\/#website\"},\"primaryImageOfPage\":{\"@id\":\"https:\\\/\\\/www.tgs-somborn.de\\\/start\\\/kindermaskenball\\\/#primaryimage\"},\"image\":{\"@id\":\"https:\\\/\\\/www.tgs-somborn.de\\\/start\\\/kindermaskenball\\\/#primaryimage\"},\"thumbnailUrl\":\"https:\\\/\\\/i0.wp.com\\\/www.tgs-somborn.de\\\/start\\\/wp-content\\\/uploads\\\/2019\\\/02\\\/Kinderfasching_Banner_HP.png?fit=1800%2C656&ssl=1\",\"datePublished\":\"2018-03-15T21:39:36+00:00\",\"dateModified\":\"2026-01-17T16:57:46+00:00\",\"description\":\"Endlich ist es wieder soweit! Die TGS feiert Kinderfasching mit Gro\u00df und Klein in der geschm\u00fcckten Turnhalle.Wir freuen uns auf alle Piraten, Hexen, Clowns und was euch sonst noch an Kost\u00fcmen einf\u00e4llt \u2013 egal ob Mitglied im Verein oder nicht.Wann:\u00a0 \u00a0 \u00a0 Sonntag, den 19.02.2023\",\"breadcrumb\":{\"@id\":\"https:\\\/\\\/www.tgs-somborn.de\\\/start\\\/kindermaskenball\\\/#breadcrumb\"},\"inLanguage\":\"de\",\"potentialAction\":[{\"@type\":\"ReadAction\",\"target\":[\"https:\\\/\\\/www.tgs-somborn.de\\\/start\\\/kindermaskenball\\\/\"]}]},{\"@type\":\"ImageObject\",\"inLanguage\":\"de\",\"@id\":\"https:\\\/\\\/www.tgs-somborn.de\\\/start\\\/kindermaskenball\\\/#primaryimage\",\"url\":\"https:\\\/\\\/i0.wp.com\\\/www.tgs-somborn.de\\\/start\\\/wp-content\\\/uploads\\\/2019\\\/02\\\/Kinderfasching_Banner_HP.png?fit=1800%2C656&ssl=1\",\"contentUrl\":\"https:\\\/\\\/i0.wp.com\\\/www.tgs-somborn.de\\\/start\\\/wp-content\\\/uploads\\\/2019\\\/02\\\/Kinderfasching_Banner_HP.png?fit=1800%2C656&ssl=1\",\"width\":1800,\"height\":656,\"caption\":\"Kinderfasching Banner\"},{\"@type\":\"BreadcrumbList\",\"@id\":\"https:\\\/\\\/www.tgs-somborn.de\\\/start\\\/kindermaskenball\\\/#breadcrumb\",\"itemListElement\":[{\"@type\":\"ListItem\",\"position\":1,\"name\":\"Startseite\",\"item\":\"https:\\\/\\\/www.tgs-somborn.de\\\/start\\\/\"},{\"@type\":\"ListItem\",\"position\":2,\"name\":\"Kindermaskenball\"}]},{\"@type\":\"WebSite\",\"@id\":\"https:\\\/\\\/www.tgs-somborn.de\\\/start\\\/#website\",\"url\":\"https:\\\/\\\/www.tgs-somborn.de\\\/start\\\/\",\"name\":\"Turngesellschaft 1888 e.V. Somborn\",\"description\":\"Der Verein f\u00fcr die ganze Familie\",\"publisher\":{\"@id\":\"https:\\\/\\\/www.tgs-somborn.de\\\/start\\\/#organization\"},\"potentialAction\":[{\"@type\":\"SearchAction\",\"target\":{\"@type\":\"EntryPoint\",\"urlTemplate\":\"https:\\\/\\\/www.tgs-somborn.de\\\/start\\\/?s={search_term_string}\"},\"query-input\":{\"@type\":\"PropertyValueSpecification\",\"valueRequired\":true,\"valueName\":\"search_term_string\"}}],\"inLanguage\":\"de\"},{\"@type\":\"Organization\",\"@id\":\"https:\\\/\\\/www.tgs-somborn.de\\\/start\\\/#organization\",\"name\":\"Turngesellschaft 1888 e. V. Somborn\",\"url\":\"https:\\\/\\\/www.tgs-somborn.de\\\/start\\\/\",\"logo\":{\"@type\":\"ImageObject\",\"inLanguage\":\"de\",\"@id\":\"https:\\\/\\\/www.tgs-somborn.de\\\/start\\\/#\\\/schema\\\/logo\\\/image\\\/\",\"url\":\"https:\\\/\\\/i0.wp.com\\\/www.tgs-somborn.de\\\/start\\\/wp-content\\\/uploads\\\/2018\\\/01\\\/cropped-tgs_wappen-1.gif?fit=198%2C243&ssl=1\",\"contentUrl\":\"https:\\\/\\\/i0.wp.com\\\/www.tgs-somborn.de\\\/start\\\/wp-content\\\/uploads\\\/2018\\\/01\\\/cropped-tgs_wappen-1.gif?fit=198%2C243&ssl=1\",\"width\":198,\"height\":243,\"caption\":\"Turngesellschaft 1888 e. V. Somborn\"},\"image\":{\"@id\":\"https:\\\/\\\/www.tgs-somborn.de\\\/start\\\/#\\\/schema\\\/logo\\\/image\\\/\"},\"sameAs\":[\"http:\\\/\\\/www.facebook.com\\\/TurngesellschaftSomborn\"]}]}<\/script>\n<!-- \/ Yoast SEO plugin. -->","yoast_head_json":{"title":"Kindermaskenball | Turngesellschaft 1888 e.V. Somborn","description":"Endlich ist es wieder soweit! Die TGS feiert Kinderfasching mit Gro\u00df und Klein in der geschm\u00fcckten Turnhalle.Wir freuen uns auf alle Piraten, Hexen, Clowns und was euch sonst noch an Kost\u00fcmen einf\u00e4llt \u2013 egal ob Mitglied im Verein oder nicht.Wann:\u00a0 \u00a0 \u00a0 Sonntag, den 19.02.2023","robots":{"index":"index","follow":"follow","max-snippet":"max-snippet:-1","max-image-preview":"max-image-preview:large","max-video-preview":"max-video-preview:-1"},"canonical":"https:\/\/www.tgs-somborn.de\/start\/kindermaskenball\/","og_locale":"de_DE","og_type":"article","og_title":"Kindermaskenball | Turngesellschaft 1888 e.V. Somborn","og_description":"Endlich ist es wieder soweit! Die TGS feiert Kinderfasching mit Gro\u00df und Klein in der geschm\u00fcckten Turnhalle.Wir freuen uns auf alle Piraten, Hexen, Clowns und was euch sonst noch an Kost\u00fcmen einf\u00e4llt \u2013 egal ob Mitglied im Verein oder nicht.Wann:\u00a0 \u00a0 \u00a0 Sonntag, den 19.02.2023","og_url":"https:\/\/www.tgs-somborn.de\/start\/kindermaskenball\/","og_site_name":"Turngesellschaft 1888 e.V. Somborn","article_publisher":"http:\/\/www.facebook.com\/TurngesellschaftSomborn","article_modified_time":"2026-01-17T16:57:46+00:00","og_image":[{"width":1800,"height":656,"url":"https:\/\/www.tgs-somborn.de\/start\/wp-content\/uploads\/2019\/02\/Kinderfasching_Banner_HP.png","type":"image\/png"}],"twitter_card":"summary_large_image","twitter_misc":{"Gesch\u00e4tzte Lesezeit":"1\u00a0Minute"},"schema":{"@context":"https:\/\/schema.org","@graph":[{"@type":"WebPage","@id":"https:\/\/www.tgs-somborn.de\/start\/kindermaskenball\/","url":"https:\/\/www.tgs-somborn.de\/start\/kindermaskenball\/","name":"Kindermaskenball | Turngesellschaft 1888 e.V. Somborn","isPartOf":{"@id":"https:\/\/www.tgs-somborn.de\/start\/#website"},"primaryImageOfPage":{"@id":"https:\/\/www.tgs-somborn.de\/start\/kindermaskenball\/#primaryimage"},"image":{"@id":"https:\/\/www.tgs-somborn.de\/start\/kindermaskenball\/#primaryimage"},"thumbnailUrl":"https:\/\/i0.wp.com\/www.tgs-somborn.de\/start\/wp-content\/uploads\/2019\/02\/Kinderfasching_Banner_HP.png?fit=1800%2C656&ssl=1","datePublished":"2018-03-15T21:39:36+00:00","dateModified":"2026-01-17T16:57:46+00:00","description":"Endlich ist es wieder soweit! Die TGS feiert Kinderfasching mit Gro\u00df und Klein in der geschm\u00fcckten Turnhalle.Wir freuen uns auf alle Piraten, Hexen, Clowns und was euch sonst noch an Kost\u00fcmen einf\u00e4llt \u2013 egal ob Mitglied im Verein oder nicht.Wann:\u00a0 \u00a0 \u00a0 Sonntag, den 19.02.2023","breadcrumb":{"@id":"https:\/\/www.tgs-somborn.de\/start\/kindermaskenball\/#breadcrumb"},"inLanguage":"de","potentialAction":[{"@type":"ReadAction","target":["https:\/\/www.tgs-somborn.de\/start\/kindermaskenball\/"]}]},{"@type":"ImageObject","inLanguage":"de","@id":"https:\/\/www.tgs-somborn.de\/start\/kindermaskenball\/#primaryimage","url":"https:\/\/i0.wp.com\/www.tgs-somborn.de\/start\/wp-content\/uploads\/2019\/02\/Kinderfasching_Banner_HP.png?fit=1800%2C656&ssl=1","contentUrl":"https:\/\/i0.wp.com\/www.tgs-somborn.de\/start\/wp-content\/uploads\/2019\/02\/Kinderfasching_Banner_HP.png?fit=1800%2C656&ssl=1","width":1800,"height":656,"caption":"Kinderfasching Banner"},{"@type":"BreadcrumbList","@id":"https:\/\/www.tgs-somborn.de\/start\/kindermaskenball\/#breadcrumb","itemListElement":[{"@type":"ListItem","position":1,"name":"Startseite","item":"https:\/\/www.tgs-somborn.de\/start\/"},{"@type":"ListItem","position":2,"name":"Kindermaskenball"}]},{"@type":"WebSite","@id":"https:\/\/www.tgs-somborn.de\/start\/#website","url":"https:\/\/www.tgs-somborn.de\/start\/","name":"Turngesellschaft 1888 e.V. Somborn","description":"Der Verein f\u00fcr die ganze Familie","publisher":{"@id":"https:\/\/www.tgs-somborn.de\/start\/#organization"},"potentialAction":[{"@type":"SearchAction","target":{"@type":"EntryPoint","urlTemplate":"https:\/\/www.tgs-somborn.de\/start\/?s={search_term_string}"},"query-input":{"@type":"PropertyValueSpecification","valueRequired":true,"valueName":"search_term_string"}}],"inLanguage":"de"},{"@type":"Organization","@id":"https:\/\/www.tgs-somborn.de\/start\/#organization","name":"Turngesellschaft 1888 e. V. Somborn","url":"https:\/\/www.tgs-somborn.de\/start\/","logo":{"@type":"ImageObject","inLanguage":"de","@id":"https:\/\/www.tgs-somborn.de\/start\/#\/schema\/logo\/image\/","url":"https:\/\/i0.wp.com\/www.tgs-somborn.de\/start\/wp-content\/uploads\/2018\/01\/cropped-tgs_wappen-1.gif?fit=198%2C243&ssl=1","contentUrl":"https:\/\/i0.wp.com\/www.tgs-somborn.de\/start\/wp-content\/uploads\/2018\/01\/cropped-tgs_wappen-1.gif?fit=198%2C243&ssl=1","width":198,"height":243,"caption":"Turngesellschaft 1888 e. V. Somborn"},"image":{"@id":"https:\/\/www.tgs-somborn.de\/start\/#\/schema\/logo\/image\/"},"sameAs":["http:\/\/www.facebook.com\/TurngesellschaftSomborn"]}]}},"jetpack_shortlink":"https:\/\/wp.me\/P9Nob7-z","jetpack-related-posts":[{"id":6,"url":"https:\/\/www.tgs-somborn.de\/start\/","url_meta":{"origin":35,"position":0},"title":"Herzlich Willkommen&#8230;","author":"J\u00f6rg Zipf","date":"29. Januar 2018","format":false,"excerpt":"...auf der Internetseite der TGS 1888 e. V. Somborn, des gr\u00f6\u00dften und eines der traditionsreichsten Vereine in Freigericht. Unser sportliches Angebot richtet sich an die ganze Familie. Egal ob Eltern-Kind-Turnen, Fitness f\u00fcr jedermann, Gymnastik f\u00fcr hochaltrige Menschen mit und ohne Bewegungseinschr\u00e4nkungen oder Reha-Sport. Wir bieten hier ein modernes und stets\u2026","rel":"","context":"\u00c4hnlicher Beitrag","block_context":{"text":"\u00c4hnlicher Beitrag","link":""},"img":{"alt_text":"","src":"","width":0,"height":0},"classes":[]},{"id":38,"url":"https:\/\/www.tgs-somborn.de\/start\/kurse\/","url_meta":{"origin":35,"position":1},"title":"Kurse","author":"J\u00f6rg Zipf","date":"15. M\u00e4rz 2018","format":false,"excerpt":"Unser Kursprogramm Ob Klassiker oder neueste Trends in Sachen Fitness - bei uns ist f\u00fcr jede*n der richtige Kurs dabei! Die Kurse sind zeitlich begrenzt und k\u00f6nnen auch von\u00a0Nichtmitglieder wahrgenommen werden. Einige der Kurse werden von vielen Krankenkassen anerkannt und entsprechend bezuschusst. Fragen Sie ganz einfach mal bei Ihrer Krankenkasse\u2026","rel":"","context":"\u00c4hnlicher Beitrag","block_context":{"text":"\u00c4hnlicher Beitrag","link":""},"img":{"alt_text":"","src":"","width":0,"height":0},"classes":[]},{"id":102,"url":"https:\/\/www.tgs-somborn.de\/start\/mitgliederservice\/","url_meta":{"origin":35,"position":2},"title":"Mitgliederservice","author":"J\u00f6rg Zipf","date":"22. April 2018","format":false,"excerpt":"Wichtige Infos f\u00fcr Mitglieder oder die, die es noch werden wollen Auf den folgenden Unterseiten finden Sie wichtige Informationen zu unseren Beitragss\u00e4tzen, wichtige Formulare und unsere Satzung. Achtung!!! Aus rechtlichen Gr\u00fcnden nehmen wir keine K\u00fcndigung der Mitgliedschaft per E-Mail an. Bitte schicken sie diese immer schriftlich an unsere Gesch\u00e4ftsstelle (Josefstra\u00dfe\u2026","rel":"","context":"\u00c4hnlicher Beitrag","block_context":{"text":"\u00c4hnlicher Beitrag","link":""},"img":{"alt_text":"","src":"","width":0,"height":0},"classes":[]},{"id":18,"url":"https:\/\/www.tgs-somborn.de\/start\/ueber-uns\/","url_meta":{"origin":35,"position":3},"title":"\u00dcber uns","author":"J\u00f6rg Zipf","date":"15. M\u00e4rz 2018","format":false,"excerpt":"Wer sind wir? Im Jahr 1888 gegr\u00fcndet, versuchen wir, Tradition mit einem modernen Sportangebot und Vereinsleben zu verbinden. In unserer eigenen Vereinsturnhalle wird sowohl Freizeit- und Breiten- als auch Leistungssport angeboten. Dabei konzentrieren wir uns als gesunder \u201eEinspartenverein\u201c auf das Turnen in all seiner Vielfalt. Neben dem traditionellen Ger\u00e4tturnen bieten\u2026","rel":"","context":"\u00c4hnlicher Beitrag","block_context":{"text":"\u00c4hnlicher Beitrag","link":""},"img":{"alt_text":"","src":"","width":0,"height":0},"classes":[]},{"id":23,"url":"https:\/\/www.tgs-somborn.de\/start\/was-wann-wo\/","url_meta":{"origin":35,"position":4},"title":"Was Wann Wo","author":"J\u00f6rg Zipf","date":"15. M\u00e4rz 2018","format":false,"excerpt":"Hallenbelegungsplan, Termine, Kurse und mehr Hier und auf den Unterseiten finden Sie unser aktuelles Angebot f\u00fcr Gro\u00df und Klein, Jung und Alt. Hallenbelegungsplan Dem Hallenbelegungsplan k\u00f6nnen Sie entnehmen, was wir an den verschiedenen Wochentagen anbieten. Hier gehts zu den Angeboten. \u00a0","rel":"","context":"\u00c4hnlicher Beitrag","block_context":{"text":"\u00c4hnlicher Beitrag","link":""},"img":{"alt_text":"","src":"","width":0,"height":0},"classes":[]},{"id":77,"url":"https:\/\/www.tgs-somborn.de\/start\/impressum\/","url_meta":{"origin":35,"position":5},"title":"Impressum","author":"J\u00f6rg Zipf","date":"13. April 2018","format":false,"excerpt":"Dies ist eine Seite der Turngesellschaft 1888 e.V. Somborn Josefstr. 15 63579 Freigericht Telefon: 06055 1400 E-Mail: info@tgs-somborn.de\u00a0 Registergericht: Amtsgericht Hanau Registernummer: VR 3223 Die Turngesellschaft wird vertreten durch: Christopher Benz (1. Vorsitzender) Michelle Rothenb\u00fccher (2. Vorsitzende) Dieses Impressum gilt auch f\u00fcr die Facebookseite der Turngesellschaft 1888 e. V. Somborn:\u2026","rel":"","context":"\u00c4hnlicher Beitrag","block_context":{"text":"\u00c4hnlicher Beitrag","link":""},"img":{"alt_text":"","src":"","width":0,"height":0},"classes":[]}],"jetpack_sharing_enabled":true,"_links":{"self":[{"href":"https:\/\/www.tgs-somborn.de\/start\/wp-json\/wp\/v2\/pages\/35","targetHints":{"allow":["GET"]}}],"collection":[{"href":"https:\/\/www.tgs-somborn.de\/start\/wp-json\/wp\/v2\/pages"}],"about":[{"href":"https:\/\/www.tgs-somborn.de\/start\/wp-json\/wp\/v2\/types\/page"}],"author":[{"embeddable":true,"href":"https:\/\/www.tgs-somborn.de\/start\/wp-json\/wp\/v2\/users\/1"}],"replies":[{"embeddable":true,"href":"https:\/\/www.tgs-somborn.de\/start\/wp-json\/wp\/v2\/comments?post=35"}],"version-history":[{"count":15,"href":"https:\/\/www.tgs-somborn.de\/start\/wp-json\/wp\/v2\/pages\/35\/revisions"}],"predecessor-version":[{"id":1249,"href":"https:\/\/www.tgs-somborn.de\/start\/wp-json\/wp\/v2\/pages\/35\/revisions\/1249"}],"wp:featuredmedia":[{"embeddable":true,"href":"https:\/\/www.tgs-somborn.de\/start\/wp-json\/wp\/v2\/media\/771"}],"wp:attachment":[{"href":"https:\/\/www.tgs-somborn.de\/start\/wp-json\/wp\/v2\/media?parent=35"}],"curies":[{"name":"wp","href":"https:\/\/api.w.org\/{rel}","templated":true}]}}