{"id":23,"date":"2018-03-15T23:43:45","date_gmt":"2018-03-15T21:43:45","guid":{"rendered":"http:\/\/tgs-somborn.de\/start\/?page_id=23"},"modified":"2023-01-30T17:41:50","modified_gmt":"2023-01-30T16:41:50","slug":"was-wann-wo","status":"publish","type":"page","link":"https:\/\/www.tgs-somborn.de\/start\/was-wann-wo\/","title":{"rendered":"Was Wann Wo"},"content":{"rendered":"<h2>Hallenbelegungsplan, Termine, Kurse und mehr<\/h2>\n<hr>\n<p>Hier und auf den Unterseiten finden Sie unser aktuelles Angebot f\u00fcr Gro\u00df und Klein, Jung und Alt.<\/p>\n<hr>\n<h3>Hallenbelegungsplan<\/h3>\n<p>Dem Hallenbelegungsplan k\u00f6nnen Sie entnehmen, was wir an den verschiedenen Wochentagen anbieten.<\/p>\n<p><a href=\"https:\/\/www.tgs-somborn.de\/start\/angebote\/\">Hier<\/a> gehts zu den Angeboten.<\/p>\n<p>&nbsp;<\/p>\n","protected":false},"excerpt":{"rendered":"<p>Hallenbelegungsplan, Termine, Kurse und mehr Hier und auf den Unterseiten finden Sie unser aktuelles Angebot f\u00fcr Gro\u00df und Klein, Jung und Alt. Hallenbelegungsplan Dem Hallenbelegungsplan k\u00f6nnen Sie entnehmen, was wir an den verschiedenen Wochentagen anbieten. Hier gehts zu den Angeboten. &nbsp;<\/p>\n","protected":false},"author":1,"featured_media":0,"parent":0,"menu_order":0,"comment_status":"closed","ping_status":"closed","template":"","meta":{"footnotes":""},"class_list":["post-23","page","type-page","status-publish"],"yoast_head":"<!-- This site is optimized with the Yoast SEO plugin v27.5 - https:\/\/yoast.com\/product\/yoast-seo-wordpress\/ -->\n<title>Was Wann Wo | Turngesellschaft 1888 e.V. Somborn<\/title>\n<meta name=\"robots\" content=\"index, follow, max-snippet:-1, max-image-preview:large, max-video-preview:-1\" \/>\n<link rel=\"canonical\" href=\"https:\/\/www.tgs-somborn.de\/start\/was-wann-wo\/\" \/>\n<meta property=\"og:locale\" content=\"de_DE\" \/>\n<meta property=\"og:type\" content=\"article\" \/>\n<meta property=\"og:title\" content=\"Was Wann Wo | Turngesellschaft 1888 e.V. Somborn\" \/>\n<meta property=\"og:description\" content=\"Hallenbelegungsplan, Termine, Kurse und mehr Hier und auf den Unterseiten finden Sie unser aktuelles Angebot f\u00fcr Gro\u00df und Klein, Jung und Alt. Hallenbelegungsplan Dem Hallenbelegungsplan k\u00f6nnen Sie entnehmen, was wir an den verschiedenen Wochentagen anbieten. Hier gehts zu den Angeboten. &nbsp;\" \/>\n<meta property=\"og:url\" content=\"https:\/\/www.tgs-somborn.de\/start\/was-wann-wo\/\" \/>\n<meta property=\"og:site_name\" content=\"Turngesellschaft 1888 e.V. Somborn\" \/>\n<meta property=\"article:publisher\" content=\"http:\/\/www.facebook.com\/TurngesellschaftSomborn\" \/>\n<meta property=\"article:modified_time\" content=\"2023-01-30T16:41:50+00:00\" \/>\n<meta name=\"twitter:card\" content=\"summary_large_image\" \/>\n<meta name=\"twitter:label1\" content=\"Gesch\u00e4tzte Lesezeit\" \/>\n\t<meta name=\"twitter:data1\" content=\"1\u00a0Minute\" \/>\n<script type=\"application\/ld+json\" class=\"yoast-schema-graph\">{\"@context\":\"https:\\\/\\\/schema.org\",\"@graph\":[{\"@type\":\"WebPage\",\"@id\":\"https:\\\/\\\/www.tgs-somborn.de\\\/start\\\/was-wann-wo\\\/\",\"url\":\"https:\\\/\\\/www.tgs-somborn.de\\\/start\\\/was-wann-wo\\\/\",\"name\":\"Was Wann Wo | Turngesellschaft 1888 e.V. Somborn\",\"isPartOf\":{\"@id\":\"https:\\\/\\\/www.tgs-somborn.de\\\/start\\\/#website\"},\"datePublished\":\"2018-03-15T21:43:45+00:00\",\"dateModified\":\"2023-01-30T16:41:50+00:00\",\"breadcrumb\":{\"@id\":\"https:\\\/\\\/www.tgs-somborn.de\\\/start\\\/was-wann-wo\\\/#breadcrumb\"},\"inLanguage\":\"de\",\"potentialAction\":[{\"@type\":\"ReadAction\",\"target\":[\"https:\\\/\\\/www.tgs-somborn.de\\\/start\\\/was-wann-wo\\\/\"]}]},{\"@type\":\"BreadcrumbList\",\"@id\":\"https:\\\/\\\/www.tgs-somborn.de\\\/start\\\/was-wann-wo\\\/#breadcrumb\",\"itemListElement\":[{\"@type\":\"ListItem\",\"position\":1,\"name\":\"Startseite\",\"item\":\"https:\\\/\\\/www.tgs-somborn.de\\\/start\\\/\"},{\"@type\":\"ListItem\",\"position\":2,\"name\":\"Was Wann Wo\"}]},{\"@type\":\"WebSite\",\"@id\":\"https:\\\/\\\/www.tgs-somborn.de\\\/start\\\/#website\",\"url\":\"https:\\\/\\\/www.tgs-somborn.de\\\/start\\\/\",\"name\":\"Turngesellschaft 1888 e.V. Somborn\",\"description\":\"Der Verein f\u00fcr die ganze Familie\",\"publisher\":{\"@id\":\"https:\\\/\\\/www.tgs-somborn.de\\\/start\\\/#organization\"},\"potentialAction\":[{\"@type\":\"SearchAction\",\"target\":{\"@type\":\"EntryPoint\",\"urlTemplate\":\"https:\\\/\\\/www.tgs-somborn.de\\\/start\\\/?s={search_term_string}\"},\"query-input\":{\"@type\":\"PropertyValueSpecification\",\"valueRequired\":true,\"valueName\":\"search_term_string\"}}],\"inLanguage\":\"de\"},{\"@type\":\"Organization\",\"@id\":\"https:\\\/\\\/www.tgs-somborn.de\\\/start\\\/#organization\",\"name\":\"Turngesellschaft 1888 e. V. Somborn\",\"url\":\"https:\\\/\\\/www.tgs-somborn.de\\\/start\\\/\",\"logo\":{\"@type\":\"ImageObject\",\"inLanguage\":\"de\",\"@id\":\"https:\\\/\\\/www.tgs-somborn.de\\\/start\\\/#\\\/schema\\\/logo\\\/image\\\/\",\"url\":\"https:\\\/\\\/i0.wp.com\\\/www.tgs-somborn.de\\\/start\\\/wp-content\\\/uploads\\\/2018\\\/01\\\/cropped-tgs_wappen-1.gif?fit=198%2C243&ssl=1\",\"contentUrl\":\"https:\\\/\\\/i0.wp.com\\\/www.tgs-somborn.de\\\/start\\\/wp-content\\\/uploads\\\/2018\\\/01\\\/cropped-tgs_wappen-1.gif?fit=198%2C243&ssl=1\",\"width\":198,\"height\":243,\"caption\":\"Turngesellschaft 1888 e. V. Somborn\"},\"image\":{\"@id\":\"https:\\\/\\\/www.tgs-somborn.de\\\/start\\\/#\\\/schema\\\/logo\\\/image\\\/\"},\"sameAs\":[\"http:\\\/\\\/www.facebook.com\\\/TurngesellschaftSomborn\"]}]}<\/script>\n<!-- \/ Yoast SEO plugin. -->","yoast_head_json":{"title":"Was Wann Wo | Turngesellschaft 1888 e.V. Somborn","robots":{"index":"index","follow":"follow","max-snippet":"max-snippet:-1","max-image-preview":"max-image-preview:large","max-video-preview":"max-video-preview:-1"},"canonical":"https:\/\/www.tgs-somborn.de\/start\/was-wann-wo\/","og_locale":"de_DE","og_type":"article","og_title":"Was Wann Wo | Turngesellschaft 1888 e.V. Somborn","og_description":"Hallenbelegungsplan, Termine, Kurse und mehr Hier und auf den Unterseiten finden Sie unser aktuelles Angebot f\u00fcr Gro\u00df und Klein, Jung und Alt. Hallenbelegungsplan Dem Hallenbelegungsplan k\u00f6nnen Sie entnehmen, was wir an den verschiedenen Wochentagen anbieten. Hier gehts zu den Angeboten. &nbsp;","og_url":"https:\/\/www.tgs-somborn.de\/start\/was-wann-wo\/","og_site_name":"Turngesellschaft 1888 e.V. Somborn","article_publisher":"http:\/\/www.facebook.com\/TurngesellschaftSomborn","article_modified_time":"2023-01-30T16:41:50+00:00","twitter_card":"summary_large_image","twitter_misc":{"Gesch\u00e4tzte Lesezeit":"1\u00a0Minute"},"schema":{"@context":"https:\/\/schema.org","@graph":[{"@type":"WebPage","@id":"https:\/\/www.tgs-somborn.de\/start\/was-wann-wo\/","url":"https:\/\/www.tgs-somborn.de\/start\/was-wann-wo\/","name":"Was Wann Wo | Turngesellschaft 1888 e.V. Somborn","isPartOf":{"@id":"https:\/\/www.tgs-somborn.de\/start\/#website"},"datePublished":"2018-03-15T21:43:45+00:00","dateModified":"2023-01-30T16:41:50+00:00","breadcrumb":{"@id":"https:\/\/www.tgs-somborn.de\/start\/was-wann-wo\/#breadcrumb"},"inLanguage":"de","potentialAction":[{"@type":"ReadAction","target":["https:\/\/www.tgs-somborn.de\/start\/was-wann-wo\/"]}]},{"@type":"BreadcrumbList","@id":"https:\/\/www.tgs-somborn.de\/start\/was-wann-wo\/#breadcrumb","itemListElement":[{"@type":"ListItem","position":1,"name":"Startseite","item":"https:\/\/www.tgs-somborn.de\/start\/"},{"@type":"ListItem","position":2,"name":"Was Wann Wo"}]},{"@type":"WebSite","@id":"https:\/\/www.tgs-somborn.de\/start\/#website","url":"https:\/\/www.tgs-somborn.de\/start\/","name":"Turngesellschaft 1888 e.V. Somborn","description":"Der Verein f\u00fcr die ganze Familie","publisher":{"@id":"https:\/\/www.tgs-somborn.de\/start\/#organization"},"potentialAction":[{"@type":"SearchAction","target":{"@type":"EntryPoint","urlTemplate":"https:\/\/www.tgs-somborn.de\/start\/?s={search_term_string}"},"query-input":{"@type":"PropertyValueSpecification","valueRequired":true,"valueName":"search_term_string"}}],"inLanguage":"de"},{"@type":"Organization","@id":"https:\/\/www.tgs-somborn.de\/start\/#organization","name":"Turngesellschaft 1888 e. V. Somborn","url":"https:\/\/www.tgs-somborn.de\/start\/","logo":{"@type":"ImageObject","inLanguage":"de","@id":"https:\/\/www.tgs-somborn.de\/start\/#\/schema\/logo\/image\/","url":"https:\/\/i0.wp.com\/www.tgs-somborn.de\/start\/wp-content\/uploads\/2018\/01\/cropped-tgs_wappen-1.gif?fit=198%2C243&ssl=1","contentUrl":"https:\/\/i0.wp.com\/www.tgs-somborn.de\/start\/wp-content\/uploads\/2018\/01\/cropped-tgs_wappen-1.gif?fit=198%2C243&ssl=1","width":198,"height":243,"caption":"Turngesellschaft 1888 e. V. Somborn"},"image":{"@id":"https:\/\/www.tgs-somborn.de\/start\/#\/schema\/logo\/image\/"},"sameAs":["http:\/\/www.facebook.com\/TurngesellschaftSomborn"]}]}},"jetpack_shortlink":"https:\/\/wp.me\/P9Nob7-n","jetpack-related-posts":[{"id":324,"url":"https:\/\/www.tgs-somborn.de\/start\/angebote\/","url_meta":{"origin":23,"position":0},"title":"Angebote","author":"J\u00f6rg Zipf","date":"1. Februar 2019","format":false,"excerpt":"Unser Angebot f\u00fcr Sie Ob Kinderturnen, Eltern-Kind-Turnen, Wirbels\u00e4ulengymnastik, Tanzen, M\u00e4nnergymnastik oder sogar Reha-Sport, wir bieten f\u00fcr die ganze Familie das passende an. Bei unseren ausgezeichneten Angeboten finden Sie au\u00dferdem von den Sportverb\u00e4nden zertifizierte Angebote. Alle unsere Angebote finden Sie in unserem Hallenbelegungsplan.","rel":"","context":"\u00c4hnlicher Beitrag","block_context":{"text":"\u00c4hnlicher Beitrag","link":""},"img":{"alt_text":"","src":"","width":0,"height":0},"classes":[]},{"id":18,"url":"https:\/\/www.tgs-somborn.de\/start\/ueber-uns\/","url_meta":{"origin":23,"position":1},"title":"\u00dcber uns","author":"J\u00f6rg Zipf","date":"15. M\u00e4rz 2018","format":false,"excerpt":"Wer sind wir? Im Jahr 1888 gegr\u00fcndet, versuchen wir, Tradition mit einem modernen Sportangebot und Vereinsleben zu verbinden. In unserer eigenen Vereinsturnhalle wird sowohl Freizeit- und Breiten- als auch Leistungssport angeboten. Dabei konzentrieren wir uns als gesunder \u201eEinspartenverein\u201c auf das Turnen in all seiner Vielfalt. Neben dem traditionellen Ger\u00e4tturnen bieten\u2026","rel":"","context":"\u00c4hnlicher Beitrag","block_context":{"text":"\u00c4hnlicher Beitrag","link":""},"img":{"alt_text":"","src":"","width":0,"height":0},"classes":[]},{"id":152,"url":"https:\/\/www.tgs-somborn.de\/start\/datenschutz\/","url_meta":{"origin":23,"position":2},"title":"Datenschutz","author":"J\u00f6rg Zipf","date":"3. August 2018","format":false,"excerpt":"Datenschutzerkl\u00e4rung Einleitung Mit der folgenden Datenschutzerkl\u00e4rung m\u00f6chten wir Sie dar\u00fcber aufkl\u00e4ren, welche Arten Ihrer personenbezogenen Daten (nachfolgend auch kurz als \"Daten\u201c bezeichnet) wir zu welchen Zwecken und in welchem Umfang verarbeiten. Die Datenschutzerkl\u00e4rung gilt f\u00fcr alle von uns durchgef\u00fchrten Verarbeitungen personenbezogener Daten, sowohl im Rahmen der Erbringung unserer Leistungen als\u2026","rel":"","context":"\u00c4hnlicher Beitrag","block_context":{"text":"\u00c4hnlicher Beitrag","link":""},"img":{"alt_text":"","src":"","width":0,"height":0},"classes":[]},{"id":102,"url":"https:\/\/www.tgs-somborn.de\/start\/mitgliederservice\/","url_meta":{"origin":23,"position":3},"title":"Mitgliederservice","author":"J\u00f6rg Zipf","date":"22. April 2018","format":false,"excerpt":"Wichtige Infos f\u00fcr Mitglieder oder die, die es noch werden wollen Auf den folgenden Unterseiten finden Sie wichtige Informationen zu unseren Beitragss\u00e4tzen, wichtige Formulare und unsere Satzung. Achtung!!! Aus rechtlichen Gr\u00fcnden nehmen wir keine K\u00fcndigung der Mitgliedschaft per E-Mail an. Bitte schicken sie diese immer schriftlich an unsere Gesch\u00e4ftsstelle (Josefstra\u00dfe\u2026","rel":"","context":"\u00c4hnlicher Beitrag","block_context":{"text":"\u00c4hnlicher Beitrag","link":""},"img":{"alt_text":"","src":"","width":0,"height":0},"classes":[]},{"id":6,"url":"https:\/\/www.tgs-somborn.de\/start\/","url_meta":{"origin":23,"position":4},"title":"Herzlich Willkommen&#8230;","author":"J\u00f6rg Zipf","date":"29. Januar 2018","format":false,"excerpt":"...auf der Internetseite der TGS 1888 e. V. Somborn, des gr\u00f6\u00dften und eines der traditionsreichsten Vereine in Freigericht. Unser sportliches Angebot richtet sich an die ganze Familie. Egal ob Eltern-Kind-Turnen, Fitness f\u00fcr jedermann, Gymnastik f\u00fcr hochaltrige Menschen mit und ohne Bewegungseinschr\u00e4nkungen oder Reha-Sport. Wir bieten hier ein modernes und stets\u2026","rel":"","context":"\u00c4hnlicher Beitrag","block_context":{"text":"\u00c4hnlicher Beitrag","link":""},"img":{"alt_text":"","src":"","width":0,"height":0},"classes":[]},{"id":113,"url":"https:\/\/www.tgs-somborn.de\/start\/formulare\/","url_meta":{"origin":23,"position":5},"title":"Formulare","author":"J\u00f6rg Zipf","date":"22. April 2018","format":false,"excerpt":"Anmeldung, Ummeldung... Eintrittserkl\u00e4rung Sie wollen in unserem Verein Mitglied werden? Kein Problem. Laden Sie ganz einfach das Anmeldeformular herunter, f\u00fcllen es aus und schicken es uns per Post zu oder geben es bei einem \u00dcbungsleiter oder Vorstandsmitglied ab. PDF herunterladen \u00c4nderungsformular Sie sind umgezogen, haben geheiratet oder Ihre Bankverbindung hat\u2026","rel":"","context":"\u00c4hnlicher Beitrag","block_context":{"text":"\u00c4hnlicher Beitrag","link":""},"img":{"alt_text":"","src":"","width":0,"height":0},"classes":[]}],"jetpack_sharing_enabled":true,"_links":{"self":[{"href":"https:\/\/www.tgs-somborn.de\/start\/wp-json\/wp\/v2\/pages\/23","targetHints":{"allow":["GET"]}}],"collection":[{"href":"https:\/\/www.tgs-somborn.de\/start\/wp-json\/wp\/v2\/pages"}],"about":[{"href":"https:\/\/www.tgs-somborn.de\/start\/wp-json\/wp\/v2\/types\/page"}],"author":[{"embeddable":true,"href":"https:\/\/www.tgs-somborn.de\/start\/wp-json\/wp\/v2\/users\/1"}],"replies":[{"embeddable":true,"href":"https:\/\/www.tgs-somborn.de\/start\/wp-json\/wp\/v2\/comments?post=23"}],"version-history":[{"count":11,"href":"https:\/\/www.tgs-somborn.de\/start\/wp-json\/wp\/v2\/pages\/23\/revisions"}],"predecessor-version":[{"id":830,"href":"https:\/\/www.tgs-somborn.de\/start\/wp-json\/wp\/v2\/pages\/23\/revisions\/830"}],"wp:attachment":[{"href":"https:\/\/www.tgs-somborn.de\/start\/wp-json\/wp\/v2\/media?parent=23"}],"curies":[{"name":"wp","href":"https:\/\/api.w.org\/{rel}","templated":true}]}}