{"id":136,"date":"2018-04-22T17:38:34","date_gmt":"2018-04-22T15:38:34","guid":{"rendered":"http:\/\/tgs-somborn.de\/start\/?page_id=136"},"modified":"2025-10-21T16:56:22","modified_gmt":"2025-10-21T14:56:22","slug":"kontakt","status":"publish","type":"page","link":"https:\/\/www.tgs-somborn.de\/start\/kontakt\/","title":{"rendered":"Kontakt"},"content":{"rendered":"<h2>Nehmen Sie Kontakt mit uns auf<\/h2>\n<hr \/>\n<h3>1. Vorsitzender<\/h3>\n<p>Christopher Benz<br \/>\nWaldstr. 8<br \/>\n63579 Freigericht<br \/>\nTelefon: 06055 4669<br \/>\nE-Mail:\u00a0<a href=\"mailto:christopher.benz@tgs-somborn.de\">christopher.benz@tgs-somborn.de<\/a><\/p>\n<hr \/>\n<h3>Oberturnwartin<\/h3>\n<p>Petra Reu\u00dfwig<br \/>\nHanauer Landstr.\u00a013<br \/>\n63594\u00a0Hasselroth<br \/>\nTelefon: 06055 2772<br \/>\nE-Mail:\u00a0<a href=\"mailto:petra.reusswig@tgs-somborn.de\">petra.reusswig@tgs-somborn.de<\/a><\/p>\n<hr \/>\n<p><span style=\"color: #ff0000;\"><strong>Achtung!!!<\/strong><\/span><br \/>\nAus rechtlichen Gr\u00fcnden nehmen wir keine K\u00fcndigung der Mitgliedschaft per E-Mail an. Bitte schicken sie diese immer schriftlich an unsere Gesch\u00e4ftsstelle.<\/p>\n<h3>Gesch\u00e4ftsstelle<\/h3>\n<p>Turngesellschaft Somborn<br \/>\nJosefstr. 15<br \/>\n63579 Freigericht<br \/>\nTelefon: 06055 1400<br \/>\nE-Mail:\u00a0<a href=\"mailto:info@tgs-somborn.de\">info@tgs-somborn.de<\/a><\/p>\n<p>\u00d6ffnungszeiten:<br \/>\nDienstag 16.00 &#8211; 17.30 Uhr<\/p>\n<hr \/>\n<h3>Ihr Weg zu uns<\/h3>\n<p><iframe loading=\"lazy\" style=\"border: 0;\" src=\"https:\/\/www.google.com\/maps\/embed?pb=!1m18!1m12!1m3!1d2556.9714211144965!2d9.109077815984898!3d50.14296647943417!2m3!1f0!2f0!3f0!3m2!1i1024!2i768!4f13.1!3m3!1m2!1s0x47bd3b5bcd0a8eeb%3A0x88b2d361bc33b716!2sJosefstra%C3%9Fe+15%2C+63579+Freigericht!5e0!3m2!1sde!2sde!4v1524411745647\" width=\"600\" height=\"450\" frameborder=\"0\" allowfullscreen=\"allowfullscreen\"><\/iframe><\/p>\n","protected":false},"excerpt":{"rendered":"<p>Nehmen Sie Kontakt mit uns auf 1. Vorsitzender Christopher Benz Waldstr. 8 63579 Freigericht Telefon: 06055 4669 E-Mail:\u00a0christopher.benz@tgs-somborn.de Oberturnwartin Petra Reu\u00dfwig Hanauer Landstr.\u00a013 63594\u00a0Hasselroth Telefon: 06055 2772 E-Mail:\u00a0petra.reusswig@tgs-somborn.de Achtung!!! Aus rechtlichen Gr\u00fcnden nehmen wir keine K\u00fcndigung der Mitgliedschaft per E-Mail an. Bitte schicken sie diese immer schriftlich an unsere Gesch\u00e4ftsstelle. Gesch\u00e4ftsstelle Turngesellschaft Somborn Josefstr. 15 &#8230; <a title=\"Kontakt\" class=\"read-more\" href=\"https:\/\/www.tgs-somborn.de\/start\/kontakt\/\" aria-label=\"Mehr Informationen \u00fcber Kontakt\">Weiterlesen<\/a><\/p>\n","protected":false},"author":1,"featured_media":0,"parent":0,"menu_order":0,"comment_status":"closed","ping_status":"closed","template":"","meta":{"footnotes":""},"class_list":["post-136","page","type-page","status-publish"],"yoast_head":"<!-- This site is optimized with the Yoast SEO plugin v27.5 - https:\/\/yoast.com\/product\/yoast-seo-wordpress\/ -->\n<title>Kontakt | Turngesellschaft 1888 e.V. Somborn<\/title>\n<meta name=\"robots\" content=\"index, follow, max-snippet:-1, max-image-preview:large, max-video-preview:-1\" \/>\n<link rel=\"canonical\" href=\"https:\/\/www.tgs-somborn.de\/start\/kontakt\/\" \/>\n<meta property=\"og:locale\" content=\"de_DE\" \/>\n<meta property=\"og:type\" content=\"article\" \/>\n<meta property=\"og:title\" content=\"Kontakt | Turngesellschaft 1888 e.V. Somborn\" \/>\n<meta property=\"og:description\" content=\"Nehmen Sie Kontakt mit uns auf 1. Vorsitzender Christopher Benz Waldstr. 8 63579 Freigericht Telefon: 06055 4669 E-Mail:\u00a0christopher.benz@tgs-somborn.de Oberturnwartin Petra Reu\u00dfwig Hanauer Landstr.\u00a013 63594\u00a0Hasselroth Telefon: 06055 2772 E-Mail:\u00a0petra.reusswig@tgs-somborn.de Achtung!!! Aus rechtlichen Gr\u00fcnden nehmen wir keine K\u00fcndigung der Mitgliedschaft per E-Mail an. Bitte schicken sie diese immer schriftlich an unsere Gesch\u00e4ftsstelle. Gesch\u00e4ftsstelle Turngesellschaft Somborn Josefstr. 15 ... Weiterlesen\" \/>\n<meta property=\"og:url\" content=\"https:\/\/www.tgs-somborn.de\/start\/kontakt\/\" \/>\n<meta property=\"og:site_name\" content=\"Turngesellschaft 1888 e.V. Somborn\" \/>\n<meta property=\"article:publisher\" content=\"http:\/\/www.facebook.com\/TurngesellschaftSomborn\" \/>\n<meta property=\"article:modified_time\" content=\"2025-10-21T14:56:22+00:00\" \/>\n<meta name=\"twitter:card\" content=\"summary_large_image\" \/>\n<meta name=\"twitter:label1\" content=\"Gesch\u00e4tzte Lesezeit\" \/>\n\t<meta name=\"twitter:data1\" content=\"1\u00a0Minute\" \/>\n<script type=\"application\/ld+json\" class=\"yoast-schema-graph\">{\"@context\":\"https:\\\/\\\/schema.org\",\"@graph\":[{\"@type\":\"WebPage\",\"@id\":\"https:\\\/\\\/www.tgs-somborn.de\\\/start\\\/kontakt\\\/\",\"url\":\"https:\\\/\\\/www.tgs-somborn.de\\\/start\\\/kontakt\\\/\",\"name\":\"Kontakt | Turngesellschaft 1888 e.V. Somborn\",\"isPartOf\":{\"@id\":\"https:\\\/\\\/www.tgs-somborn.de\\\/start\\\/#website\"},\"datePublished\":\"2018-04-22T15:38:34+00:00\",\"dateModified\":\"2025-10-21T14:56:22+00:00\",\"breadcrumb\":{\"@id\":\"https:\\\/\\\/www.tgs-somborn.de\\\/start\\\/kontakt\\\/#breadcrumb\"},\"inLanguage\":\"de\",\"potentialAction\":[{\"@type\":\"ReadAction\",\"target\":[\"https:\\\/\\\/www.tgs-somborn.de\\\/start\\\/kontakt\\\/\"]}]},{\"@type\":\"BreadcrumbList\",\"@id\":\"https:\\\/\\\/www.tgs-somborn.de\\\/start\\\/kontakt\\\/#breadcrumb\",\"itemListElement\":[{\"@type\":\"ListItem\",\"position\":1,\"name\":\"Startseite\",\"item\":\"https:\\\/\\\/www.tgs-somborn.de\\\/start\\\/\"},{\"@type\":\"ListItem\",\"position\":2,\"name\":\"Kontakt\"}]},{\"@type\":\"WebSite\",\"@id\":\"https:\\\/\\\/www.tgs-somborn.de\\\/start\\\/#website\",\"url\":\"https:\\\/\\\/www.tgs-somborn.de\\\/start\\\/\",\"name\":\"Turngesellschaft 1888 e.V. Somborn\",\"description\":\"Der Verein f\u00fcr die ganze Familie\",\"publisher\":{\"@id\":\"https:\\\/\\\/www.tgs-somborn.de\\\/start\\\/#organization\"},\"potentialAction\":[{\"@type\":\"SearchAction\",\"target\":{\"@type\":\"EntryPoint\",\"urlTemplate\":\"https:\\\/\\\/www.tgs-somborn.de\\\/start\\\/?s={search_term_string}\"},\"query-input\":{\"@type\":\"PropertyValueSpecification\",\"valueRequired\":true,\"valueName\":\"search_term_string\"}}],\"inLanguage\":\"de\"},{\"@type\":\"Organization\",\"@id\":\"https:\\\/\\\/www.tgs-somborn.de\\\/start\\\/#organization\",\"name\":\"Turngesellschaft 1888 e. V. Somborn\",\"url\":\"https:\\\/\\\/www.tgs-somborn.de\\\/start\\\/\",\"logo\":{\"@type\":\"ImageObject\",\"inLanguage\":\"de\",\"@id\":\"https:\\\/\\\/www.tgs-somborn.de\\\/start\\\/#\\\/schema\\\/logo\\\/image\\\/\",\"url\":\"https:\\\/\\\/i0.wp.com\\\/www.tgs-somborn.de\\\/start\\\/wp-content\\\/uploads\\\/2018\\\/01\\\/cropped-tgs_wappen-1.gif?fit=198%2C243&ssl=1\",\"contentUrl\":\"https:\\\/\\\/i0.wp.com\\\/www.tgs-somborn.de\\\/start\\\/wp-content\\\/uploads\\\/2018\\\/01\\\/cropped-tgs_wappen-1.gif?fit=198%2C243&ssl=1\",\"width\":198,\"height\":243,\"caption\":\"Turngesellschaft 1888 e. V. Somborn\"},\"image\":{\"@id\":\"https:\\\/\\\/www.tgs-somborn.de\\\/start\\\/#\\\/schema\\\/logo\\\/image\\\/\"},\"sameAs\":[\"http:\\\/\\\/www.facebook.com\\\/TurngesellschaftSomborn\"]}]}<\/script>\n<!-- \/ Yoast SEO plugin. -->","yoast_head_json":{"title":"Kontakt | Turngesellschaft 1888 e.V. Somborn","robots":{"index":"index","follow":"follow","max-snippet":"max-snippet:-1","max-image-preview":"max-image-preview:large","max-video-preview":"max-video-preview:-1"},"canonical":"https:\/\/www.tgs-somborn.de\/start\/kontakt\/","og_locale":"de_DE","og_type":"article","og_title":"Kontakt | Turngesellschaft 1888 e.V. Somborn","og_description":"Nehmen Sie Kontakt mit uns auf 1. Vorsitzender Christopher Benz Waldstr. 8 63579 Freigericht Telefon: 06055 4669 E-Mail:\u00a0christopher.benz@tgs-somborn.de Oberturnwartin Petra Reu\u00dfwig Hanauer Landstr.\u00a013 63594\u00a0Hasselroth Telefon: 06055 2772 E-Mail:\u00a0petra.reusswig@tgs-somborn.de Achtung!!! Aus rechtlichen Gr\u00fcnden nehmen wir keine K\u00fcndigung der Mitgliedschaft per E-Mail an. Bitte schicken sie diese immer schriftlich an unsere Gesch\u00e4ftsstelle. Gesch\u00e4ftsstelle Turngesellschaft Somborn Josefstr. 15 ... Weiterlesen","og_url":"https:\/\/www.tgs-somborn.de\/start\/kontakt\/","og_site_name":"Turngesellschaft 1888 e.V. Somborn","article_publisher":"http:\/\/www.facebook.com\/TurngesellschaftSomborn","article_modified_time":"2025-10-21T14:56:22+00:00","twitter_card":"summary_large_image","twitter_misc":{"Gesch\u00e4tzte Lesezeit":"1\u00a0Minute"},"schema":{"@context":"https:\/\/schema.org","@graph":[{"@type":"WebPage","@id":"https:\/\/www.tgs-somborn.de\/start\/kontakt\/","url":"https:\/\/www.tgs-somborn.de\/start\/kontakt\/","name":"Kontakt | Turngesellschaft 1888 e.V. Somborn","isPartOf":{"@id":"https:\/\/www.tgs-somborn.de\/start\/#website"},"datePublished":"2018-04-22T15:38:34+00:00","dateModified":"2025-10-21T14:56:22+00:00","breadcrumb":{"@id":"https:\/\/www.tgs-somborn.de\/start\/kontakt\/#breadcrumb"},"inLanguage":"de","potentialAction":[{"@type":"ReadAction","target":["https:\/\/www.tgs-somborn.de\/start\/kontakt\/"]}]},{"@type":"BreadcrumbList","@id":"https:\/\/www.tgs-somborn.de\/start\/kontakt\/#breadcrumb","itemListElement":[{"@type":"ListItem","position":1,"name":"Startseite","item":"https:\/\/www.tgs-somborn.de\/start\/"},{"@type":"ListItem","position":2,"name":"Kontakt"}]},{"@type":"WebSite","@id":"https:\/\/www.tgs-somborn.de\/start\/#website","url":"https:\/\/www.tgs-somborn.de\/start\/","name":"Turngesellschaft 1888 e.V. Somborn","description":"Der Verein f\u00fcr die ganze Familie","publisher":{"@id":"https:\/\/www.tgs-somborn.de\/start\/#organization"},"potentialAction":[{"@type":"SearchAction","target":{"@type":"EntryPoint","urlTemplate":"https:\/\/www.tgs-somborn.de\/start\/?s={search_term_string}"},"query-input":{"@type":"PropertyValueSpecification","valueRequired":true,"valueName":"search_term_string"}}],"inLanguage":"de"},{"@type":"Organization","@id":"https:\/\/www.tgs-somborn.de\/start\/#organization","name":"Turngesellschaft 1888 e. V. Somborn","url":"https:\/\/www.tgs-somborn.de\/start\/","logo":{"@type":"ImageObject","inLanguage":"de","@id":"https:\/\/www.tgs-somborn.de\/start\/#\/schema\/logo\/image\/","url":"https:\/\/i0.wp.com\/www.tgs-somborn.de\/start\/wp-content\/uploads\/2018\/01\/cropped-tgs_wappen-1.gif?fit=198%2C243&ssl=1","contentUrl":"https:\/\/i0.wp.com\/www.tgs-somborn.de\/start\/wp-content\/uploads\/2018\/01\/cropped-tgs_wappen-1.gif?fit=198%2C243&ssl=1","width":198,"height":243,"caption":"Turngesellschaft 1888 e. V. Somborn"},"image":{"@id":"https:\/\/www.tgs-somborn.de\/start\/#\/schema\/logo\/image\/"},"sameAs":["http:\/\/www.facebook.com\/TurngesellschaftSomborn"]}]}},"jetpack_shortlink":"https:\/\/wp.me\/P9Nob7-2c","jetpack-related-posts":[{"id":77,"url":"https:\/\/www.tgs-somborn.de\/start\/impressum\/","url_meta":{"origin":136,"position":0},"title":"Impressum","author":"J\u00f6rg Zipf","date":"13. April 2018","format":false,"excerpt":"Dies ist eine Seite der Turngesellschaft 1888 e.V. Somborn Josefstr. 15 63579 Freigericht Telefon: 06055 1400 E-Mail: info@tgs-somborn.de\u00a0 Registergericht: Amtsgericht Hanau Registernummer: VR 3223 Die Turngesellschaft wird vertreten durch: Christopher Benz (1. Vorsitzender) Michelle Rothenb\u00fccher (2. Vorsitzende) Dieses Impressum gilt auch f\u00fcr die Facebookseite der Turngesellschaft 1888 e. V. Somborn:\u2026","rel":"","context":"\u00c4hnlicher Beitrag","block_context":{"text":"\u00c4hnlicher Beitrag","link":""},"img":{"alt_text":"","src":"","width":0,"height":0},"classes":[]},{"id":102,"url":"https:\/\/www.tgs-somborn.de\/start\/mitgliederservice\/","url_meta":{"origin":136,"position":1},"title":"Mitgliederservice","author":"J\u00f6rg Zipf","date":"22. April 2018","format":false,"excerpt":"Wichtige Infos f\u00fcr Mitglieder oder die, die es noch werden wollen Auf den folgenden Unterseiten finden Sie wichtige Informationen zu unseren Beitragss\u00e4tzen, wichtige Formulare und unsere Satzung. Achtung!!! Aus rechtlichen Gr\u00fcnden nehmen wir keine K\u00fcndigung der Mitgliedschaft per E-Mail an. Bitte schicken sie diese immer schriftlich an unsere Gesch\u00e4ftsstelle (Josefstra\u00dfe\u2026","rel":"","context":"\u00c4hnlicher Beitrag","block_context":{"text":"\u00c4hnlicher Beitrag","link":""},"img":{"alt_text":"","src":"","width":0,"height":0},"classes":[]},{"id":148,"url":"https:\/\/www.tgs-somborn.de\/start\/kontaktformular\/","url_meta":{"origin":136,"position":2},"title":"Kontaktformular","author":"J\u00f6rg Zipf","date":"22. April 2018","format":false,"excerpt":"Formular Bitte verwenden Sie dieses Formular, wenn Sie Fragen an uns haben oder weitere Informationen ben\u00f6tigen. Achtung!!! Aus rechtlichen Gr\u00fcnden nehmen wir keine K\u00fcndigung der Mitgliedschaft per Kontaktformular (E-Mail) an. Bitte schicken sie diese immer schriftlich an unsere Gesch\u00e4tfsstelle.","rel":"","context":"\u00c4hnlicher Beitrag","block_context":{"text":"\u00c4hnlicher Beitrag","link":""},"img":{"alt_text":"","src":"","width":0,"height":0},"classes":[]},{"id":6,"url":"https:\/\/www.tgs-somborn.de\/start\/","url_meta":{"origin":136,"position":3},"title":"Herzlich Willkommen&#8230;","author":"J\u00f6rg Zipf","date":"29. Januar 2018","format":false,"excerpt":"...auf der Internetseite der TGS 1888 e. V. Somborn, des gr\u00f6\u00dften und eines der traditionsreichsten Vereine in Freigericht. Unser sportliches Angebot richtet sich an die ganze Familie. Egal ob Eltern-Kind-Turnen, Fitness f\u00fcr jedermann, Gymnastik f\u00fcr hochaltrige Menschen mit und ohne Bewegungseinschr\u00e4nkungen oder Reha-Sport. Wir bieten hier ein modernes und stets\u2026","rel":"","context":"\u00c4hnlicher Beitrag","block_context":{"text":"\u00c4hnlicher Beitrag","link":""},"img":{"alt_text":"","src":"","width":0,"height":0},"classes":[]},{"id":113,"url":"https:\/\/www.tgs-somborn.de\/start\/formulare\/","url_meta":{"origin":136,"position":4},"title":"Formulare","author":"J\u00f6rg Zipf","date":"22. April 2018","format":false,"excerpt":"Anmeldung, Ummeldung... Eintrittserkl\u00e4rung Sie wollen in unserem Verein Mitglied werden? Kein Problem. Laden Sie ganz einfach das Anmeldeformular herunter, f\u00fcllen es aus und schicken es uns per Post zu oder geben es bei einem \u00dcbungsleiter oder Vorstandsmitglied ab. PDF herunterladen \u00c4nderungsformular Sie sind umgezogen, haben geheiratet oder Ihre Bankverbindung hat\u2026","rel":"","context":"\u00c4hnlicher Beitrag","block_context":{"text":"\u00c4hnlicher Beitrag","link":""},"img":{"alt_text":"","src":"","width":0,"height":0},"classes":[]},{"id":105,"url":"https:\/\/www.tgs-somborn.de\/start\/beitraege\/","url_meta":{"origin":136,"position":5},"title":"Beitr\u00e4ge","author":"J\u00f6rg Zipf","date":"22. April 2018","format":false,"excerpt":"Beitragss\u00e4tze (Jahresbeitr\u00e4ge) \u00a0\u00a0\u00a0\u00a0 Aktive 84,-\u20ac \u00a0\u00a0\u00a0\u00a0 Passive 42,-\u20ac \u00a0\u00a0\u00a0\u00a0 Kinder\/Sch\u00fcler\/Auszubildende\/Studenten 60,-\u20ac \u00a0\u00a0\u00a0\u00a0 Familien 168,-\u20ac Die Beitr\u00e4ge werden bevorzugt \u00fcber das Banklastschriftverfahren eingezogen. Bitte beachten Sie auf jeden Fall unsere Beitragsgeb\u00fchrenordnung. Geb\u00fchrenordnung vom 09.12.2005PDF herunterladen Ihre Bankdaten haben sich ge\u00e4ndert? Kein Problem! Teilen Sie uns \u00c4nderungen etc. bitte schriftlich mit. PDF\u2026","rel":"","context":"\u00c4hnlicher Beitrag","block_context":{"text":"\u00c4hnlicher Beitrag","link":""},"img":{"alt_text":"","src":"","width":0,"height":0},"classes":[]}],"jetpack_sharing_enabled":true,"_links":{"self":[{"href":"https:\/\/www.tgs-somborn.de\/start\/wp-json\/wp\/v2\/pages\/136","targetHints":{"allow":["GET"]}}],"collection":[{"href":"https:\/\/www.tgs-somborn.de\/start\/wp-json\/wp\/v2\/pages"}],"about":[{"href":"https:\/\/www.tgs-somborn.de\/start\/wp-json\/wp\/v2\/types\/page"}],"author":[{"embeddable":true,"href":"https:\/\/www.tgs-somborn.de\/start\/wp-json\/wp\/v2\/users\/1"}],"replies":[{"embeddable":true,"href":"https:\/\/www.tgs-somborn.de\/start\/wp-json\/wp\/v2\/comments?post=136"}],"version-history":[{"count":10,"href":"https:\/\/www.tgs-somborn.de\/start\/wp-json\/wp\/v2\/pages\/136\/revisions"}],"predecessor-version":[{"id":1210,"href":"https:\/\/www.tgs-somborn.de\/start\/wp-json\/wp\/v2\/pages\/136\/revisions\/1210"}],"wp:attachment":[{"href":"https:\/\/www.tgs-somborn.de\/start\/wp-json\/wp\/v2\/media?parent=136"}],"curies":[{"name":"wp","href":"https:\/\/api.w.org\/{rel}","templated":true}]}}