{"id":113,"date":"2018-04-22T16:56:21","date_gmt":"2018-04-22T14:56:21","guid":{"rendered":"http:\/\/tgs-somborn.de\/start\/?page_id=113"},"modified":"2023-01-30T17:51:28","modified_gmt":"2023-01-30T16:51:28","slug":"formulare","status":"publish","type":"page","link":"https:\/\/www.tgs-somborn.de\/start\/formulare\/","title":{"rendered":"Formulare"},"content":{"rendered":"<h2>Anmeldung, Ummeldung&#8230;<\/h2>\n<hr>\n<h3>Eintrittserkl\u00e4rung<\/h3>\n<p>Sie wollen in unserem Verein Mitglied werden? Kein Problem. Laden Sie ganz einfach das Anmeldeformular herunter, f\u00fcllen es aus und schicken es uns per Post zu oder geben es bei einem \u00dcbungsleiter oder Vorstandsmitglied ab.<\/p>\n<p><a href=\"https:\/\/www.tgs-somborn.de\/start\/wp-content\/uploads\/2019\/01\/Eintritt_TGS_2019.pdf\" target=\"_blank\" rel=\"noopener\">PDF herunterladen<\/a><\/p>\n<hr>\n<h3>\u00c4nderungsformular<\/h3>\n<p>Sie sind umgezogen, haben geheiratet oder Ihre Bankverbindung hat sich ge\u00e4ndert? Bitte f\u00fcllen Sie umgehend das untenstehende Formular aus und lassen es uns zu kommen. Somit vermeiden Sie Ihnen und uns unn\u00f6tige Kosten.<\/p>\n<p><a href=\"https:\/\/www.tgs-somborn.de\/start\/wp-content\/uploads\/2019\/01\/Aenderung_TGS_2019.pdf\" target=\"_blank\" rel=\"noopener\">PDF herunterladen<\/a><\/p>\n<p>&nbsp;<\/p>\n","protected":false},"excerpt":{"rendered":"<p>Anmeldung, Ummeldung&#8230; Eintrittserkl\u00e4rung Sie wollen in unserem Verein Mitglied werden? Kein Problem. Laden Sie ganz einfach das Anmeldeformular herunter, f\u00fcllen es aus und schicken es uns per Post zu oder geben es bei einem \u00dcbungsleiter oder Vorstandsmitglied ab. PDF herunterladen \u00c4nderungsformular Sie sind umgezogen, haben geheiratet oder Ihre Bankverbindung hat sich ge\u00e4ndert? Bitte f\u00fcllen Sie &#8230; <a title=\"Formulare\" class=\"read-more\" href=\"https:\/\/www.tgs-somborn.de\/start\/formulare\/\" aria-label=\"Mehr Informationen \u00fcber Formulare\">Weiterlesen<\/a><\/p>\n","protected":false},"author":1,"featured_media":0,"parent":0,"menu_order":0,"comment_status":"closed","ping_status":"closed","template":"","meta":{"footnotes":""},"class_list":["post-113","page","type-page","status-publish"],"yoast_head":"<!-- This site is optimized with the Yoast SEO plugin v27.5 - https:\/\/yoast.com\/product\/yoast-seo-wordpress\/ -->\n<title>Formulare | Turngesellschaft 1888 e.V. Somborn<\/title>\n<meta name=\"robots\" content=\"index, follow, max-snippet:-1, max-image-preview:large, max-video-preview:-1\" \/>\n<link rel=\"canonical\" href=\"https:\/\/www.tgs-somborn.de\/start\/formulare\/\" \/>\n<meta property=\"og:locale\" content=\"de_DE\" \/>\n<meta property=\"og:type\" content=\"article\" \/>\n<meta property=\"og:title\" content=\"Formulare | Turngesellschaft 1888 e.V. Somborn\" \/>\n<meta property=\"og:description\" content=\"Anmeldung, Ummeldung&#8230; Eintrittserkl\u00e4rung Sie wollen in unserem Verein Mitglied werden? Kein Problem. Laden Sie ganz einfach das Anmeldeformular herunter, f\u00fcllen es aus und schicken es uns per Post zu oder geben es bei einem \u00dcbungsleiter oder Vorstandsmitglied ab. PDF herunterladen \u00c4nderungsformular Sie sind umgezogen, haben geheiratet oder Ihre Bankverbindung hat sich ge\u00e4ndert? Bitte f\u00fcllen Sie ... Weiterlesen\" \/>\n<meta property=\"og:url\" content=\"https:\/\/www.tgs-somborn.de\/start\/formulare\/\" \/>\n<meta property=\"og:site_name\" content=\"Turngesellschaft 1888 e.V. Somborn\" \/>\n<meta property=\"article:publisher\" content=\"http:\/\/www.facebook.com\/TurngesellschaftSomborn\" \/>\n<meta property=\"article:modified_time\" content=\"2023-01-30T16:51:28+00:00\" \/>\n<meta name=\"twitter:card\" content=\"summary_large_image\" \/>\n<meta name=\"twitter:label1\" content=\"Gesch\u00e4tzte Lesezeit\" \/>\n\t<meta name=\"twitter:data1\" content=\"1\u00a0Minute\" \/>\n<script type=\"application\/ld+json\" class=\"yoast-schema-graph\">{\"@context\":\"https:\\\/\\\/schema.org\",\"@graph\":[{\"@type\":\"WebPage\",\"@id\":\"https:\\\/\\\/www.tgs-somborn.de\\\/start\\\/formulare\\\/\",\"url\":\"https:\\\/\\\/www.tgs-somborn.de\\\/start\\\/formulare\\\/\",\"name\":\"Formulare | Turngesellschaft 1888 e.V. Somborn\",\"isPartOf\":{\"@id\":\"https:\\\/\\\/www.tgs-somborn.de\\\/start\\\/#website\"},\"datePublished\":\"2018-04-22T14:56:21+00:00\",\"dateModified\":\"2023-01-30T16:51:28+00:00\",\"breadcrumb\":{\"@id\":\"https:\\\/\\\/www.tgs-somborn.de\\\/start\\\/formulare\\\/#breadcrumb\"},\"inLanguage\":\"de\",\"potentialAction\":[{\"@type\":\"ReadAction\",\"target\":[\"https:\\\/\\\/www.tgs-somborn.de\\\/start\\\/formulare\\\/\"]}]},{\"@type\":\"BreadcrumbList\",\"@id\":\"https:\\\/\\\/www.tgs-somborn.de\\\/start\\\/formulare\\\/#breadcrumb\",\"itemListElement\":[{\"@type\":\"ListItem\",\"position\":1,\"name\":\"Startseite\",\"item\":\"https:\\\/\\\/www.tgs-somborn.de\\\/start\\\/\"},{\"@type\":\"ListItem\",\"position\":2,\"name\":\"Formulare\"}]},{\"@type\":\"WebSite\",\"@id\":\"https:\\\/\\\/www.tgs-somborn.de\\\/start\\\/#website\",\"url\":\"https:\\\/\\\/www.tgs-somborn.de\\\/start\\\/\",\"name\":\"Turngesellschaft 1888 e.V. Somborn\",\"description\":\"Der Verein f\u00fcr die ganze Familie\",\"publisher\":{\"@id\":\"https:\\\/\\\/www.tgs-somborn.de\\\/start\\\/#organization\"},\"potentialAction\":[{\"@type\":\"SearchAction\",\"target\":{\"@type\":\"EntryPoint\",\"urlTemplate\":\"https:\\\/\\\/www.tgs-somborn.de\\\/start\\\/?s={search_term_string}\"},\"query-input\":{\"@type\":\"PropertyValueSpecification\",\"valueRequired\":true,\"valueName\":\"search_term_string\"}}],\"inLanguage\":\"de\"},{\"@type\":\"Organization\",\"@id\":\"https:\\\/\\\/www.tgs-somborn.de\\\/start\\\/#organization\",\"name\":\"Turngesellschaft 1888 e. V. Somborn\",\"url\":\"https:\\\/\\\/www.tgs-somborn.de\\\/start\\\/\",\"logo\":{\"@type\":\"ImageObject\",\"inLanguage\":\"de\",\"@id\":\"https:\\\/\\\/www.tgs-somborn.de\\\/start\\\/#\\\/schema\\\/logo\\\/image\\\/\",\"url\":\"https:\\\/\\\/i0.wp.com\\\/www.tgs-somborn.de\\\/start\\\/wp-content\\\/uploads\\\/2018\\\/01\\\/cropped-tgs_wappen-1.gif?fit=198%2C243&ssl=1\",\"contentUrl\":\"https:\\\/\\\/i0.wp.com\\\/www.tgs-somborn.de\\\/start\\\/wp-content\\\/uploads\\\/2018\\\/01\\\/cropped-tgs_wappen-1.gif?fit=198%2C243&ssl=1\",\"width\":198,\"height\":243,\"caption\":\"Turngesellschaft 1888 e. V. Somborn\"},\"image\":{\"@id\":\"https:\\\/\\\/www.tgs-somborn.de\\\/start\\\/#\\\/schema\\\/logo\\\/image\\\/\"},\"sameAs\":[\"http:\\\/\\\/www.facebook.com\\\/TurngesellschaftSomborn\"]}]}<\/script>\n<!-- \/ Yoast SEO plugin. -->","yoast_head_json":{"title":"Formulare | Turngesellschaft 1888 e.V. Somborn","robots":{"index":"index","follow":"follow","max-snippet":"max-snippet:-1","max-image-preview":"max-image-preview:large","max-video-preview":"max-video-preview:-1"},"canonical":"https:\/\/www.tgs-somborn.de\/start\/formulare\/","og_locale":"de_DE","og_type":"article","og_title":"Formulare | Turngesellschaft 1888 e.V. Somborn","og_description":"Anmeldung, Ummeldung&#8230; Eintrittserkl\u00e4rung Sie wollen in unserem Verein Mitglied werden? Kein Problem. Laden Sie ganz einfach das Anmeldeformular herunter, f\u00fcllen es aus und schicken es uns per Post zu oder geben es bei einem \u00dcbungsleiter oder Vorstandsmitglied ab. PDF herunterladen \u00c4nderungsformular Sie sind umgezogen, haben geheiratet oder Ihre Bankverbindung hat sich ge\u00e4ndert? Bitte f\u00fcllen Sie ... Weiterlesen","og_url":"https:\/\/www.tgs-somborn.de\/start\/formulare\/","og_site_name":"Turngesellschaft 1888 e.V. Somborn","article_publisher":"http:\/\/www.facebook.com\/TurngesellschaftSomborn","article_modified_time":"2023-01-30T16:51:28+00:00","twitter_card":"summary_large_image","twitter_misc":{"Gesch\u00e4tzte Lesezeit":"1\u00a0Minute"},"schema":{"@context":"https:\/\/schema.org","@graph":[{"@type":"WebPage","@id":"https:\/\/www.tgs-somborn.de\/start\/formulare\/","url":"https:\/\/www.tgs-somborn.de\/start\/formulare\/","name":"Formulare | Turngesellschaft 1888 e.V. Somborn","isPartOf":{"@id":"https:\/\/www.tgs-somborn.de\/start\/#website"},"datePublished":"2018-04-22T14:56:21+00:00","dateModified":"2023-01-30T16:51:28+00:00","breadcrumb":{"@id":"https:\/\/www.tgs-somborn.de\/start\/formulare\/#breadcrumb"},"inLanguage":"de","potentialAction":[{"@type":"ReadAction","target":["https:\/\/www.tgs-somborn.de\/start\/formulare\/"]}]},{"@type":"BreadcrumbList","@id":"https:\/\/www.tgs-somborn.de\/start\/formulare\/#breadcrumb","itemListElement":[{"@type":"ListItem","position":1,"name":"Startseite","item":"https:\/\/www.tgs-somborn.de\/start\/"},{"@type":"ListItem","position":2,"name":"Formulare"}]},{"@type":"WebSite","@id":"https:\/\/www.tgs-somborn.de\/start\/#website","url":"https:\/\/www.tgs-somborn.de\/start\/","name":"Turngesellschaft 1888 e.V. Somborn","description":"Der Verein f\u00fcr die ganze Familie","publisher":{"@id":"https:\/\/www.tgs-somborn.de\/start\/#organization"},"potentialAction":[{"@type":"SearchAction","target":{"@type":"EntryPoint","urlTemplate":"https:\/\/www.tgs-somborn.de\/start\/?s={search_term_string}"},"query-input":{"@type":"PropertyValueSpecification","valueRequired":true,"valueName":"search_term_string"}}],"inLanguage":"de"},{"@type":"Organization","@id":"https:\/\/www.tgs-somborn.de\/start\/#organization","name":"Turngesellschaft 1888 e. V. Somborn","url":"https:\/\/www.tgs-somborn.de\/start\/","logo":{"@type":"ImageObject","inLanguage":"de","@id":"https:\/\/www.tgs-somborn.de\/start\/#\/schema\/logo\/image\/","url":"https:\/\/i0.wp.com\/www.tgs-somborn.de\/start\/wp-content\/uploads\/2018\/01\/cropped-tgs_wappen-1.gif?fit=198%2C243&ssl=1","contentUrl":"https:\/\/i0.wp.com\/www.tgs-somborn.de\/start\/wp-content\/uploads\/2018\/01\/cropped-tgs_wappen-1.gif?fit=198%2C243&ssl=1","width":198,"height":243,"caption":"Turngesellschaft 1888 e. V. Somborn"},"image":{"@id":"https:\/\/www.tgs-somborn.de\/start\/#\/schema\/logo\/image\/"},"sameAs":["http:\/\/www.facebook.com\/TurngesellschaftSomborn"]}]}},"jetpack_shortlink":"https:\/\/wp.me\/P9Nob7-1P","jetpack-related-posts":[{"id":105,"url":"https:\/\/www.tgs-somborn.de\/start\/beitraege\/","url_meta":{"origin":113,"position":0},"title":"Beitr\u00e4ge","author":"J\u00f6rg Zipf","date":"22. April 2018","format":false,"excerpt":"Beitragss\u00e4tze (Jahresbeitr\u00e4ge) \u00a0\u00a0\u00a0\u00a0 Aktive 84,-\u20ac \u00a0\u00a0\u00a0\u00a0 Passive 42,-\u20ac \u00a0\u00a0\u00a0\u00a0 Kinder\/Sch\u00fcler\/Auszubildende\/Studenten 60,-\u20ac \u00a0\u00a0\u00a0\u00a0 Familien 168,-\u20ac Die Beitr\u00e4ge werden bevorzugt \u00fcber das Banklastschriftverfahren eingezogen. Bitte beachten Sie auf jeden Fall unsere Beitragsgeb\u00fchrenordnung. Geb\u00fchrenordnung vom 09.12.2005PDF herunterladen Ihre Bankdaten haben sich ge\u00e4ndert? Kein Problem! Teilen Sie uns \u00c4nderungen etc. bitte schriftlich mit. PDF\u2026","rel":"","context":"\u00c4hnlicher Beitrag","block_context":{"text":"\u00c4hnlicher Beitrag","link":""},"img":{"alt_text":"","src":"","width":0,"height":0},"classes":[]},{"id":18,"url":"https:\/\/www.tgs-somborn.de\/start\/ueber-uns\/","url_meta":{"origin":113,"position":1},"title":"\u00dcber uns","author":"J\u00f6rg Zipf","date":"15. M\u00e4rz 2018","format":false,"excerpt":"Wer sind wir? Im Jahr 1888 gegr\u00fcndet, versuchen wir, Tradition mit einem modernen Sportangebot und Vereinsleben zu verbinden. In unserer eigenen Vereinsturnhalle wird sowohl Freizeit- und Breiten- als auch Leistungssport angeboten. Dabei konzentrieren wir uns als gesunder \u201eEinspartenverein\u201c auf das Turnen in all seiner Vielfalt. Neben dem traditionellen Ger\u00e4tturnen bieten\u2026","rel":"","context":"\u00c4hnlicher Beitrag","block_context":{"text":"\u00c4hnlicher Beitrag","link":""},"img":{"alt_text":"","src":"","width":0,"height":0},"classes":[]},{"id":152,"url":"https:\/\/www.tgs-somborn.de\/start\/datenschutz\/","url_meta":{"origin":113,"position":2},"title":"Datenschutz","author":"J\u00f6rg Zipf","date":"3. August 2018","format":false,"excerpt":"Datenschutzerkl\u00e4rung Einleitung Mit der folgenden Datenschutzerkl\u00e4rung m\u00f6chten wir Sie dar\u00fcber aufkl\u00e4ren, welche Arten Ihrer personenbezogenen Daten (nachfolgend auch kurz als \"Daten\u201c bezeichnet) wir zu welchen Zwecken und in welchem Umfang verarbeiten. Die Datenschutzerkl\u00e4rung gilt f\u00fcr alle von uns durchgef\u00fchrten Verarbeitungen personenbezogener Daten, sowohl im Rahmen der Erbringung unserer Leistungen als\u2026","rel":"","context":"\u00c4hnlicher Beitrag","block_context":{"text":"\u00c4hnlicher Beitrag","link":""},"img":{"alt_text":"","src":"","width":0,"height":0},"classes":[]},{"id":102,"url":"https:\/\/www.tgs-somborn.de\/start\/mitgliederservice\/","url_meta":{"origin":113,"position":3},"title":"Mitgliederservice","author":"J\u00f6rg Zipf","date":"22. April 2018","format":false,"excerpt":"Wichtige Infos f\u00fcr Mitglieder oder die, die es noch werden wollen Auf den folgenden Unterseiten finden Sie wichtige Informationen zu unseren Beitragss\u00e4tzen, wichtige Formulare und unsere Satzung. Achtung!!! Aus rechtlichen Gr\u00fcnden nehmen wir keine K\u00fcndigung der Mitgliedschaft per E-Mail an. Bitte schicken sie diese immer schriftlich an unsere Gesch\u00e4ftsstelle (Josefstra\u00dfe\u2026","rel":"","context":"\u00c4hnlicher Beitrag","block_context":{"text":"\u00c4hnlicher Beitrag","link":""},"img":{"alt_text":"","src":"","width":0,"height":0},"classes":[]},{"id":148,"url":"https:\/\/www.tgs-somborn.de\/start\/kontaktformular\/","url_meta":{"origin":113,"position":4},"title":"Kontaktformular","author":"J\u00f6rg Zipf","date":"22. April 2018","format":false,"excerpt":"Formular Bitte verwenden Sie dieses Formular, wenn Sie Fragen an uns haben oder weitere Informationen ben\u00f6tigen. Achtung!!! Aus rechtlichen Gr\u00fcnden nehmen wir keine K\u00fcndigung der Mitgliedschaft per Kontaktformular (E-Mail) an. Bitte schicken sie diese immer schriftlich an unsere Gesch\u00e4tfsstelle.","rel":"","context":"\u00c4hnlicher Beitrag","block_context":{"text":"\u00c4hnlicher Beitrag","link":""},"img":{"alt_text":"","src":"","width":0,"height":0},"classes":[]},{"id":38,"url":"https:\/\/www.tgs-somborn.de\/start\/kurse\/","url_meta":{"origin":113,"position":5},"title":"Kurse","author":"J\u00f6rg Zipf","date":"15. M\u00e4rz 2018","format":false,"excerpt":"Unser Kursprogramm Ob Klassiker oder neueste Trends in Sachen Fitness - bei uns ist f\u00fcr jede*n der richtige Kurs dabei! Die Kurse sind zeitlich begrenzt und k\u00f6nnen auch von\u00a0Nichtmitglieder wahrgenommen werden. Einige der Kurse werden von vielen Krankenkassen anerkannt und entsprechend bezuschusst. Fragen Sie ganz einfach mal bei Ihrer Krankenkasse\u2026","rel":"","context":"\u00c4hnlicher Beitrag","block_context":{"text":"\u00c4hnlicher Beitrag","link":""},"img":{"alt_text":"","src":"","width":0,"height":0},"classes":[]}],"jetpack_sharing_enabled":true,"_links":{"self":[{"href":"https:\/\/www.tgs-somborn.de\/start\/wp-json\/wp\/v2\/pages\/113","targetHints":{"allow":["GET"]}}],"collection":[{"href":"https:\/\/www.tgs-somborn.de\/start\/wp-json\/wp\/v2\/pages"}],"about":[{"href":"https:\/\/www.tgs-somborn.de\/start\/wp-json\/wp\/v2\/types\/page"}],"author":[{"embeddable":true,"href":"https:\/\/www.tgs-somborn.de\/start\/wp-json\/wp\/v2\/users\/1"}],"replies":[{"embeddable":true,"href":"https:\/\/www.tgs-somborn.de\/start\/wp-json\/wp\/v2\/comments?post=113"}],"version-history":[{"count":10,"href":"https:\/\/www.tgs-somborn.de\/start\/wp-json\/wp\/v2\/pages\/113\/revisions"}],"predecessor-version":[{"id":833,"href":"https:\/\/www.tgs-somborn.de\/start\/wp-json\/wp\/v2\/pages\/113\/revisions\/833"}],"wp:attachment":[{"href":"https:\/\/www.tgs-somborn.de\/start\/wp-json\/wp\/v2\/media?parent=113"}],"curies":[{"name":"wp","href":"https:\/\/api.w.org\/{rel}","templated":true}]}}