{"id":102,"date":"2018-04-22T16:38:29","date_gmt":"2018-04-22T14:38:29","guid":{"rendered":"http:\/\/tgs-somborn.de\/start\/?page_id=102"},"modified":"2023-01-30T17:55:05","modified_gmt":"2023-01-30T16:55:05","slug":"mitgliederservice","status":"publish","type":"page","link":"https:\/\/www.tgs-somborn.de\/start\/mitgliederservice\/","title":{"rendered":"Mitgliederservice"},"content":{"rendered":"<h2>Wichtige Infos f\u00fcr Mitglieder oder die, die es noch werden wollen<\/h2>\n<p>Auf den folgenden Unterseiten finden Sie wichtige Informationen zu unseren <a href=\"http:\/\/tgs-somborn.de\/start\/beitraege\/\">Beitragss\u00e4tzen<\/a>, wichtige <a href=\"http:\/\/tgs-somborn.de\/start\/formulare\/\">Formulare<\/a> und unsere <a href=\"http:\/\/tgs-somborn.de\/start\/satzung\/\">Satzung<\/a>.<\/p>\n<p><span style=\"color: #ff0000;\"><strong>Achtung!!!<\/strong><\/span><br \/>\nAus rechtlichen Gr\u00fcnden nehmen wir keine K\u00fcndigung der Mitgliedschaft per E-Mail an. Bitte schicken sie diese immer schriftlich an unsere Gesch\u00e4ftsstelle (Josefstra\u00dfe 15, 63579 Freigericht).<\/p>\n","protected":false},"excerpt":{"rendered":"<p>Wichtige Infos f\u00fcr Mitglieder oder die, die es noch werden wollen Auf den folgenden Unterseiten finden Sie wichtige Informationen zu unseren Beitragss\u00e4tzen, wichtige Formulare und unsere Satzung. Achtung!!! Aus rechtlichen Gr\u00fcnden nehmen wir keine K\u00fcndigung der Mitgliedschaft per E-Mail an. Bitte schicken sie diese immer schriftlich an unsere Gesch\u00e4ftsstelle (Josefstra\u00dfe 15, 63579 Freigericht).<\/p>\n","protected":false},"author":1,"featured_media":0,"parent":0,"menu_order":0,"comment_status":"closed","ping_status":"closed","template":"","meta":{"footnotes":""},"class_list":["post-102","page","type-page","status-publish"],"yoast_head":"<!-- This site is optimized with the Yoast SEO plugin v27.5 - https:\/\/yoast.com\/product\/yoast-seo-wordpress\/ -->\n<title>Mitgliederservice | Turngesellschaft 1888 e.V. Somborn<\/title>\n<meta name=\"robots\" content=\"index, follow, max-snippet:-1, max-image-preview:large, max-video-preview:-1\" \/>\n<link rel=\"canonical\" href=\"https:\/\/www.tgs-somborn.de\/start\/mitgliederservice\/\" \/>\n<meta property=\"og:locale\" content=\"de_DE\" \/>\n<meta property=\"og:type\" content=\"article\" \/>\n<meta property=\"og:title\" content=\"Mitgliederservice | Turngesellschaft 1888 e.V. Somborn\" \/>\n<meta property=\"og:description\" content=\"Wichtige Infos f\u00fcr Mitglieder oder die, die es noch werden wollen Auf den folgenden Unterseiten finden Sie wichtige Informationen zu unseren Beitragss\u00e4tzen, wichtige Formulare und unsere Satzung. Achtung!!! Aus rechtlichen Gr\u00fcnden nehmen wir keine K\u00fcndigung der Mitgliedschaft per E-Mail an. Bitte schicken sie diese immer schriftlich an unsere Gesch\u00e4ftsstelle (Josefstra\u00dfe 15, 63579 Freigericht).\" \/>\n<meta property=\"og:url\" content=\"https:\/\/www.tgs-somborn.de\/start\/mitgliederservice\/\" \/>\n<meta property=\"og:site_name\" content=\"Turngesellschaft 1888 e.V. Somborn\" \/>\n<meta property=\"article:publisher\" content=\"http:\/\/www.facebook.com\/TurngesellschaftSomborn\" \/>\n<meta property=\"article:modified_time\" content=\"2023-01-30T16:55:05+00:00\" \/>\n<meta name=\"twitter:card\" content=\"summary_large_image\" \/>\n<meta name=\"twitter:label1\" content=\"Gesch\u00e4tzte Lesezeit\" \/>\n\t<meta name=\"twitter:data1\" content=\"1\u00a0Minute\" \/>\n<script type=\"application\/ld+json\" class=\"yoast-schema-graph\">{\"@context\":\"https:\\\/\\\/schema.org\",\"@graph\":[{\"@type\":\"WebPage\",\"@id\":\"https:\\\/\\\/www.tgs-somborn.de\\\/start\\\/mitgliederservice\\\/\",\"url\":\"https:\\\/\\\/www.tgs-somborn.de\\\/start\\\/mitgliederservice\\\/\",\"name\":\"Mitgliederservice | Turngesellschaft 1888 e.V. Somborn\",\"isPartOf\":{\"@id\":\"https:\\\/\\\/www.tgs-somborn.de\\\/start\\\/#website\"},\"datePublished\":\"2018-04-22T14:38:29+00:00\",\"dateModified\":\"2023-01-30T16:55:05+00:00\",\"breadcrumb\":{\"@id\":\"https:\\\/\\\/www.tgs-somborn.de\\\/start\\\/mitgliederservice\\\/#breadcrumb\"},\"inLanguage\":\"de\",\"potentialAction\":[{\"@type\":\"ReadAction\",\"target\":[\"https:\\\/\\\/www.tgs-somborn.de\\\/start\\\/mitgliederservice\\\/\"]}]},{\"@type\":\"BreadcrumbList\",\"@id\":\"https:\\\/\\\/www.tgs-somborn.de\\\/start\\\/mitgliederservice\\\/#breadcrumb\",\"itemListElement\":[{\"@type\":\"ListItem\",\"position\":1,\"name\":\"Startseite\",\"item\":\"https:\\\/\\\/www.tgs-somborn.de\\\/start\\\/\"},{\"@type\":\"ListItem\",\"position\":2,\"name\":\"Mitgliederservice\"}]},{\"@type\":\"WebSite\",\"@id\":\"https:\\\/\\\/www.tgs-somborn.de\\\/start\\\/#website\",\"url\":\"https:\\\/\\\/www.tgs-somborn.de\\\/start\\\/\",\"name\":\"Turngesellschaft 1888 e.V. Somborn\",\"description\":\"Der Verein f\u00fcr die ganze Familie\",\"publisher\":{\"@id\":\"https:\\\/\\\/www.tgs-somborn.de\\\/start\\\/#organization\"},\"potentialAction\":[{\"@type\":\"SearchAction\",\"target\":{\"@type\":\"EntryPoint\",\"urlTemplate\":\"https:\\\/\\\/www.tgs-somborn.de\\\/start\\\/?s={search_term_string}\"},\"query-input\":{\"@type\":\"PropertyValueSpecification\",\"valueRequired\":true,\"valueName\":\"search_term_string\"}}],\"inLanguage\":\"de\"},{\"@type\":\"Organization\",\"@id\":\"https:\\\/\\\/www.tgs-somborn.de\\\/start\\\/#organization\",\"name\":\"Turngesellschaft 1888 e. V. Somborn\",\"url\":\"https:\\\/\\\/www.tgs-somborn.de\\\/start\\\/\",\"logo\":{\"@type\":\"ImageObject\",\"inLanguage\":\"de\",\"@id\":\"https:\\\/\\\/www.tgs-somborn.de\\\/start\\\/#\\\/schema\\\/logo\\\/image\\\/\",\"url\":\"https:\\\/\\\/i0.wp.com\\\/www.tgs-somborn.de\\\/start\\\/wp-content\\\/uploads\\\/2018\\\/01\\\/cropped-tgs_wappen-1.gif?fit=198%2C243&ssl=1\",\"contentUrl\":\"https:\\\/\\\/i0.wp.com\\\/www.tgs-somborn.de\\\/start\\\/wp-content\\\/uploads\\\/2018\\\/01\\\/cropped-tgs_wappen-1.gif?fit=198%2C243&ssl=1\",\"width\":198,\"height\":243,\"caption\":\"Turngesellschaft 1888 e. V. Somborn\"},\"image\":{\"@id\":\"https:\\\/\\\/www.tgs-somborn.de\\\/start\\\/#\\\/schema\\\/logo\\\/image\\\/\"},\"sameAs\":[\"http:\\\/\\\/www.facebook.com\\\/TurngesellschaftSomborn\"]}]}<\/script>\n<!-- \/ Yoast SEO plugin. -->","yoast_head_json":{"title":"Mitgliederservice | Turngesellschaft 1888 e.V. Somborn","robots":{"index":"index","follow":"follow","max-snippet":"max-snippet:-1","max-image-preview":"max-image-preview:large","max-video-preview":"max-video-preview:-1"},"canonical":"https:\/\/www.tgs-somborn.de\/start\/mitgliederservice\/","og_locale":"de_DE","og_type":"article","og_title":"Mitgliederservice | Turngesellschaft 1888 e.V. Somborn","og_description":"Wichtige Infos f\u00fcr Mitglieder oder die, die es noch werden wollen Auf den folgenden Unterseiten finden Sie wichtige Informationen zu unseren Beitragss\u00e4tzen, wichtige Formulare und unsere Satzung. Achtung!!! Aus rechtlichen Gr\u00fcnden nehmen wir keine K\u00fcndigung der Mitgliedschaft per E-Mail an. Bitte schicken sie diese immer schriftlich an unsere Gesch\u00e4ftsstelle (Josefstra\u00dfe 15, 63579 Freigericht).","og_url":"https:\/\/www.tgs-somborn.de\/start\/mitgliederservice\/","og_site_name":"Turngesellschaft 1888 e.V. Somborn","article_publisher":"http:\/\/www.facebook.com\/TurngesellschaftSomborn","article_modified_time":"2023-01-30T16:55:05+00:00","twitter_card":"summary_large_image","twitter_misc":{"Gesch\u00e4tzte Lesezeit":"1\u00a0Minute"},"schema":{"@context":"https:\/\/schema.org","@graph":[{"@type":"WebPage","@id":"https:\/\/www.tgs-somborn.de\/start\/mitgliederservice\/","url":"https:\/\/www.tgs-somborn.de\/start\/mitgliederservice\/","name":"Mitgliederservice | Turngesellschaft 1888 e.V. Somborn","isPartOf":{"@id":"https:\/\/www.tgs-somborn.de\/start\/#website"},"datePublished":"2018-04-22T14:38:29+00:00","dateModified":"2023-01-30T16:55:05+00:00","breadcrumb":{"@id":"https:\/\/www.tgs-somborn.de\/start\/mitgliederservice\/#breadcrumb"},"inLanguage":"de","potentialAction":[{"@type":"ReadAction","target":["https:\/\/www.tgs-somborn.de\/start\/mitgliederservice\/"]}]},{"@type":"BreadcrumbList","@id":"https:\/\/www.tgs-somborn.de\/start\/mitgliederservice\/#breadcrumb","itemListElement":[{"@type":"ListItem","position":1,"name":"Startseite","item":"https:\/\/www.tgs-somborn.de\/start\/"},{"@type":"ListItem","position":2,"name":"Mitgliederservice"}]},{"@type":"WebSite","@id":"https:\/\/www.tgs-somborn.de\/start\/#website","url":"https:\/\/www.tgs-somborn.de\/start\/","name":"Turngesellschaft 1888 e.V. Somborn","description":"Der Verein f\u00fcr die ganze Familie","publisher":{"@id":"https:\/\/www.tgs-somborn.de\/start\/#organization"},"potentialAction":[{"@type":"SearchAction","target":{"@type":"EntryPoint","urlTemplate":"https:\/\/www.tgs-somborn.de\/start\/?s={search_term_string}"},"query-input":{"@type":"PropertyValueSpecification","valueRequired":true,"valueName":"search_term_string"}}],"inLanguage":"de"},{"@type":"Organization","@id":"https:\/\/www.tgs-somborn.de\/start\/#organization","name":"Turngesellschaft 1888 e. V. Somborn","url":"https:\/\/www.tgs-somborn.de\/start\/","logo":{"@type":"ImageObject","inLanguage":"de","@id":"https:\/\/www.tgs-somborn.de\/start\/#\/schema\/logo\/image\/","url":"https:\/\/i0.wp.com\/www.tgs-somborn.de\/start\/wp-content\/uploads\/2018\/01\/cropped-tgs_wappen-1.gif?fit=198%2C243&ssl=1","contentUrl":"https:\/\/i0.wp.com\/www.tgs-somborn.de\/start\/wp-content\/uploads\/2018\/01\/cropped-tgs_wappen-1.gif?fit=198%2C243&ssl=1","width":198,"height":243,"caption":"Turngesellschaft 1888 e. V. Somborn"},"image":{"@id":"https:\/\/www.tgs-somborn.de\/start\/#\/schema\/logo\/image\/"},"sameAs":["http:\/\/www.facebook.com\/TurngesellschaftSomborn"]}]}},"jetpack_shortlink":"https:\/\/wp.me\/P9Nob7-1E","jetpack-related-posts":[{"id":324,"url":"https:\/\/www.tgs-somborn.de\/start\/angebote\/","url_meta":{"origin":102,"position":0},"title":"Angebote","author":"J\u00f6rg Zipf","date":"1. Februar 2019","format":false,"excerpt":"Unser Angebot f\u00fcr Sie Ob Kinderturnen, Eltern-Kind-Turnen, Wirbels\u00e4ulengymnastik, Tanzen, M\u00e4nnergymnastik oder sogar Reha-Sport, wir bieten f\u00fcr die ganze Familie das passende an. Bei unseren ausgezeichneten Angeboten finden Sie au\u00dferdem von den Sportverb\u00e4nden zertifizierte Angebote. Alle unsere Angebote finden Sie in unserem Hallenbelegungsplan.","rel":"","context":"\u00c4hnlicher Beitrag","block_context":{"text":"\u00c4hnlicher Beitrag","link":""},"img":{"alt_text":"","src":"","width":0,"height":0},"classes":[]},{"id":105,"url":"https:\/\/www.tgs-somborn.de\/start\/beitraege\/","url_meta":{"origin":102,"position":1},"title":"Beitr\u00e4ge","author":"J\u00f6rg Zipf","date":"22. April 2018","format":false,"excerpt":"Beitragss\u00e4tze (Jahresbeitr\u00e4ge) \u00a0\u00a0\u00a0\u00a0 Aktive 84,-\u20ac \u00a0\u00a0\u00a0\u00a0 Passive 42,-\u20ac \u00a0\u00a0\u00a0\u00a0 Kinder\/Sch\u00fcler\/Auszubildende\/Studenten 60,-\u20ac \u00a0\u00a0\u00a0\u00a0 Familien 168,-\u20ac Die Beitr\u00e4ge werden bevorzugt \u00fcber das Banklastschriftverfahren eingezogen. Bitte beachten Sie auf jeden Fall unsere Beitragsgeb\u00fchrenordnung. Geb\u00fchrenordnung vom 09.12.2005PDF herunterladen Ihre Bankdaten haben sich ge\u00e4ndert? Kein Problem! Teilen Sie uns \u00c4nderungen etc. bitte schriftlich mit. PDF\u2026","rel":"","context":"\u00c4hnlicher Beitrag","block_context":{"text":"\u00c4hnlicher Beitrag","link":""},"img":{"alt_text":"","src":"","width":0,"height":0},"classes":[]},{"id":148,"url":"https:\/\/www.tgs-somborn.de\/start\/kontaktformular\/","url_meta":{"origin":102,"position":2},"title":"Kontaktformular","author":"J\u00f6rg Zipf","date":"22. April 2018","format":false,"excerpt":"Formular Bitte verwenden Sie dieses Formular, wenn Sie Fragen an uns haben oder weitere Informationen ben\u00f6tigen. Achtung!!! Aus rechtlichen Gr\u00fcnden nehmen wir keine K\u00fcndigung der Mitgliedschaft per Kontaktformular (E-Mail) an. Bitte schicken sie diese immer schriftlich an unsere Gesch\u00e4tfsstelle.","rel":"","context":"\u00c4hnlicher Beitrag","block_context":{"text":"\u00c4hnlicher Beitrag","link":""},"img":{"alt_text":"","src":"","width":0,"height":0},"classes":[]},{"id":136,"url":"https:\/\/www.tgs-somborn.de\/start\/kontakt\/","url_meta":{"origin":102,"position":3},"title":"Kontakt","author":"J\u00f6rg Zipf","date":"22. April 2018","format":false,"excerpt":"Nehmen Sie Kontakt mit uns auf 1. Vorsitzender Christopher Benz Waldstr. 8 63579 Freigericht Telefon: 06055 4669 E-Mail:\u00a0christopher.benz@tgs-somborn.de Oberturnwartin Petra Reu\u00dfwig Hanauer Landstr.\u00a013 63594\u00a0Hasselroth Telefon: 06055 2772 E-Mail:\u00a0petra.reusswig@tgs-somborn.de Achtung!!! Aus rechtlichen Gr\u00fcnden nehmen wir keine K\u00fcndigung der Mitgliedschaft per E-Mail an. Bitte schicken sie diese immer schriftlich an unsere Gesch\u00e4ftsstelle.\u2026","rel":"","context":"\u00c4hnlicher Beitrag","block_context":{"text":"\u00c4hnlicher Beitrag","link":""},"img":{"alt_text":"","src":"","width":0,"height":0},"classes":[]},{"id":6,"url":"https:\/\/www.tgs-somborn.de\/start\/","url_meta":{"origin":102,"position":4},"title":"Herzlich Willkommen&#8230;","author":"J\u00f6rg Zipf","date":"29. Januar 2018","format":false,"excerpt":"...auf der Internetseite der TGS 1888 e. V. Somborn, des gr\u00f6\u00dften und eines der traditionsreichsten Vereine in Freigericht. Unser sportliches Angebot richtet sich an die ganze Familie. Egal ob Eltern-Kind-Turnen, Fitness f\u00fcr jedermann, Gymnastik f\u00fcr hochaltrige Menschen mit und ohne Bewegungseinschr\u00e4nkungen oder Reha-Sport. Wir bieten hier ein modernes und stets\u2026","rel":"","context":"\u00c4hnlicher Beitrag","block_context":{"text":"\u00c4hnlicher Beitrag","link":""},"img":{"alt_text":"","src":"","width":0,"height":0},"classes":[]},{"id":152,"url":"https:\/\/www.tgs-somborn.de\/start\/datenschutz\/","url_meta":{"origin":102,"position":5},"title":"Datenschutz","author":"J\u00f6rg Zipf","date":"3. August 2018","format":false,"excerpt":"Datenschutzerkl\u00e4rung Einleitung Mit der folgenden Datenschutzerkl\u00e4rung m\u00f6chten wir Sie dar\u00fcber aufkl\u00e4ren, welche Arten Ihrer personenbezogenen Daten (nachfolgend auch kurz als \"Daten\u201c bezeichnet) wir zu welchen Zwecken und in welchem Umfang verarbeiten. Die Datenschutzerkl\u00e4rung gilt f\u00fcr alle von uns durchgef\u00fchrten Verarbeitungen personenbezogener Daten, sowohl im Rahmen der Erbringung unserer Leistungen als\u2026","rel":"","context":"\u00c4hnlicher Beitrag","block_context":{"text":"\u00c4hnlicher Beitrag","link":""},"img":{"alt_text":"","src":"","width":0,"height":0},"classes":[]}],"jetpack_sharing_enabled":true,"_links":{"self":[{"href":"https:\/\/www.tgs-somborn.de\/start\/wp-json\/wp\/v2\/pages\/102","targetHints":{"allow":["GET"]}}],"collection":[{"href":"https:\/\/www.tgs-somborn.de\/start\/wp-json\/wp\/v2\/pages"}],"about":[{"href":"https:\/\/www.tgs-somborn.de\/start\/wp-json\/wp\/v2\/types\/page"}],"author":[{"embeddable":true,"href":"https:\/\/www.tgs-somborn.de\/start\/wp-json\/wp\/v2\/users\/1"}],"replies":[{"embeddable":true,"href":"https:\/\/www.tgs-somborn.de\/start\/wp-json\/wp\/v2\/comments?post=102"}],"version-history":[{"count":4,"href":"https:\/\/www.tgs-somborn.de\/start\/wp-json\/wp\/v2\/pages\/102\/revisions"}],"predecessor-version":[{"id":615,"href":"https:\/\/www.tgs-somborn.de\/start\/wp-json\/wp\/v2\/pages\/102\/revisions\/615"}],"wp:attachment":[{"href":"https:\/\/www.tgs-somborn.de\/start\/wp-json\/wp\/v2\/media?parent=102"}],"curies":[{"name":"wp","href":"https:\/\/api.w.org\/{rel}","templated":true}]}}